{"id":2833,"date":"2017-07-25T13:57:22","date_gmt":"2017-07-25T17:57:22","guid":{"rendered":"http:\/\/www.desmaraisprotection.com\/?page_id=2833"},"modified":"2023-05-24T14:51:26","modified_gmt":"2023-05-24T18:51:26","slug":"sonorisation-commerciale-et-residentielle","status":"publish","type":"page","link":"https:\/\/desmaraisprotection.com\/index.php\/services-et-produits\/sonorisation-commerciale-et-residentielle\/","title":{"rendered":"Sonorisation commerciale et r\u00e9sidentielle"},"content":{"rendered":"<p>[vc_row][vc_column width= &raquo;3\/12&Prime; el_class= &raquo;Text-white &raquo; css= &raquo;.vc_custom_1501247303470{background-color: #005595 !important;} &raquo; offset= &raquo;vc_hidden-sm vc_hidden-xs &raquo;][vc_wp_custommenu title= &raquo;Nos Services et Produits &raquo; nav_menu= &raquo;18&Prime;][\/vc_column][vc_column width= &raquo;9\/12&Prime; css= &raquo;.vc_custom_1501260394683{padding-top: 10px !important;padding-right: 20px !important;padding-bottom: 10px !important;padding-left: 20px !important;} &raquo; el_class= &raquo;mobile-text &raquo;][rev_slider_vc alias= &raquo;sonorisation &raquo;][doors_headings headings_title= &raquo;Commerciale &raquo; headings_subtitle= &raquo; &raquo; headings_alignment= &raquo;left &raquo; doors_heading_font_weight= &raquo;400&Prime; doors_sub_heading_font_weight= &raquo;400&Prime;][vc_column_text]<\/p>\n<h3>Sonorisation de lieux publics<\/h3>\n<p>Aujourd\u2019hui, alors que tous les appareils sont connect\u00e9s, les hauts-parleurs IP sont d\u00e9sormais branch\u00e9s sur le r\u00e9seau. Ainsi, ces m\u00eames hauts-parleurs IP qui diffusent de la musique dans les endroits publics, permettent de maximiser leur fonctionnalit\u00e9 en faisant des syst\u00e8mes d\u2019\u00e9vacuation d\u2019urgence. Chez D. \u00c9lectronique Protection Inc., tous les syst\u00e8mes s\u2019interconnectent et peuvent communiquer entre eux.[\/vc_column_text][vc_row_inner][vc_column_inner width= &raquo;1\/2&Prime; offset= &raquo;vc_hidden-sm vc_hidden-xs &raquo;][vc_column_text]<strong>Sonorisation lieux publics<\/strong><\/p>\n<p><strong>Messages publics (paging)<\/strong>[\/vc_column_text][\/vc_column_inner][vc_column_inner width= &raquo;1\/2&Prime; offset= &raquo;vc_hidden-sm vc_hidden-xs &raquo;][vc_column_text]BOGEN, INTER-M, etc.<\/p>\n<p>BOGEN, INTER-M, VALCOM, etc.[\/vc_column_text][\/vc_column_inner][\/vc_row_inner][doors_headings headings_title= &raquo;R\u00e9sidentielle &raquo; headings_subtitle= &raquo; &raquo; headings_alignment= &raquo;left &raquo; doors_heading_font_weight= &raquo;400&Prime; doors_sub_heading_font_weight= &raquo;400&Prime;][vc_column_text]<\/p>\n<h3>Syst\u00e8me de son multizones<\/h3>\n<p>Cr\u00e9ez votre ambiance personnalis\u00e9e avec le syst\u00e8me de son multizones de D. \u00c9lectronique Protection Inc. Compos\u00e9 d\u2019hauts-parleurs int\u00e9rieurs ou ext\u00e9rieurs, muraux, encastr\u00e9s au plafond ou encore, qui se fondent dans votre am\u00e9nagement paysager, nos syst\u00e8mes de son multizones sont compos\u00e9s selon vos exigences.[\/vc_column_text][vc_row_inner][vc_column_inner width= &raquo;1\/2&Prime; offset= &raquo;vc_hidden-sm vc_hidden-xs &raquo;][vc_column_text]<strong>Syst\u00e8me de son multi-zones<\/strong><\/p>\n<p><strong>Haut-parleur int\u00e9rieur et ext\u00e9rieur<\/strong>[\/vc_column_text][\/vc_column_inner][vc_column_inner width= &raquo;1\/2&Prime; offset= &raquo;vc_hidden-sm vc_hidden-xs &raquo;][vc_column_text]RUSSOUND, BOSE, etc.<\/p>\n<p>RUSSOUND, BOSE, \u00c9lectro-Voice, etc.[\/vc_column_text][\/vc_column_inner][\/vc_row_inner][vc_row_inner][vc_column_inner offset= &raquo;vc_hidden-lg vc_hidden-md &raquo;][vc_column_text]<strong>Sonorisation lieux publics<\/strong><\/p>\n<p style=\"text-align: right;\"><em>BOGEN, INTER-M, etc.<\/em><\/p>\n<p><strong>Messages publics (paging)<\/strong><\/p>\n<p style=\"text-align: right;\"><em>BOGEN, INTER-M, VALCOM, etc.<\/em><\/p>\n<p>[\/vc_column_text][\/vc_column_inner][\/vc_row_inner][vc_row_inner][vc_column_inner offset= &raquo;vc_hidden-lg vc_hidden-md &raquo;][vc_column_text]<strong>Syst\u00e8me de son multi-zones<\/strong><\/p>\n<p style=\"text-align: right;\"><em>RUSSOUND, BOSE, etc.<\/em><\/p>\n<p><strong>Haut-parleur int\u00e9rieur et ext\u00e9rieur<\/strong><\/p>\n<p style=\"text-align: right;\"><em>RUSSOUND, BOSE, \u00c9lectro-Voice, etc.<\/em><\/p>\n<p>[\/vc_column_text][\/vc_column_inner][\/vc_row_inner][doors_empty_spaces height_mobile= &raquo;20&Prime; height_tablet= &raquo;25&Prime; height_desktop= &raquo;40&Prime;][\/vc_column][\/vc_row]<\/p>\n","protected":false},"excerpt":{"rendered":"<p>[vc_row][vc_column width= &raquo;3\/12&Prime; el_class= &raquo;Text-white &raquo; css= &raquo;.vc_custom_1501247303470{background-color: #005595 !important;} &raquo; offset= &raquo;vc_hidden-sm vc_hidden-xs &raquo;][vc_wp_custommenu title= &raquo;Nos Services et Produits &raquo; nav_menu= &raquo;18&Prime;][\/vc_column][vc_column width= &raquo;9\/12&Prime; css= &raquo;.vc_custom_1501260394683{padding-top: 10px !important;padding-right: 20px !important;padding-bottom: 10px !important;padding-left: 20px !important;} &raquo; el_class= &raquo;mobile-text &raquo;][rev_slider_vc alias= &raquo;sonorisation &raquo;][doors_headings headings_title= &raquo;Commerciale &raquo; headings_subtitle= &raquo; &raquo; headings_alignment= &raquo;left &raquo; doors_heading_font_weight= &raquo;400&Prime; doors_sub_heading_font_weight= &raquo;400&Prime;][vc_column_text] [&hellip;]<\/p>\n","protected":false},"author":1,"featured_media":0,"parent":5,"menu_order":10,"comment_status":"closed","ping_status":"closed","template":"","meta":[],"yoast_head":"<!-- This site is optimized with the Yoast SEO plugin v17.1 - https:\/\/yoast.com\/wordpress\/plugins\/seo\/ -->\n<title>Sonorisation commerciale et r\u00e9sidentielle - Desmarais Protection \u00c9lectronique<\/title>\n<meta name=\"robots\" content=\"index, follow, max-snippet:-1, max-image-preview:large, max-video-preview:-1\" \/>\n<link rel=\"canonical\" href=\"https:\/\/desmaraisprotection.com\/index.php\/services-et-produits\/sonorisation-commerciale-et-residentielle\/\" \/>\n<meta property=\"og:locale\" content=\"fr_CA\" \/>\n<meta property=\"og:type\" content=\"article\" \/>\n<meta property=\"og:title\" content=\"Sonorisation commerciale et r\u00e9sidentielle - Desmarais Protection \u00c9lectronique\" \/>\n<meta property=\"og:description\" content=\"[vc_row][vc_column width= &raquo;3\/12&Prime; el_class= &raquo;Text-white &raquo; css= &raquo;.vc_custom_1501247303470{background-color: #005595 !important;} &raquo; offset= &raquo;vc_hidden-sm vc_hidden-xs &raquo;][vc_wp_custommenu title= &raquo;Nos Services et Produits &raquo; nav_menu= &raquo;18&Prime;][\/vc_column][vc_column width= &raquo;9\/12&Prime; css= &raquo;.vc_custom_1501260394683{padding-top: 10px !important;padding-right: 20px !important;padding-bottom: 10px !important;padding-left: 20px !important;} &raquo; el_class= &raquo;mobile-text &raquo;][rev_slider_vc alias= &raquo;sonorisation &raquo;][doors_headings headings_title= &raquo;Commerciale &raquo; headings_subtitle= &raquo; &raquo; headings_alignment= &raquo;left &raquo; doors_heading_font_weight= &raquo;400&Prime; doors_sub_heading_font_weight= &raquo;400&Prime;][vc_column_text] [&hellip;]\" \/>\n<meta property=\"og:url\" content=\"https:\/\/desmaraisprotection.com\/index.php\/services-et-produits\/sonorisation-commerciale-et-residentielle\/\" \/>\n<meta property=\"og:site_name\" content=\"Desmarais Protection \u00c9lectronique\" \/>\n<meta property=\"article:modified_time\" content=\"2023-05-24T18:51:26+00:00\" \/>\n<meta name=\"twitter:card\" content=\"summary_large_image\" \/>\n<meta name=\"twitter:label1\" content=\"Estimation du temps de lecture\" \/>\n\t<meta name=\"twitter:data1\" content=\"2 minutes\" \/>\n<script type=\"application\/ld+json\" class=\"yoast-schema-graph\">{\"@context\":\"https:\/\/schema.org\",\"@graph\":[{\"@type\":\"WebSite\",\"@id\":\"https:\/\/desmaraisprotection.com\/#website\",\"url\":\"https:\/\/desmaraisprotection.com\/\",\"name\":\"Desmarais Protection \\u00c9lectronique\",\"description\":\"\",\"potentialAction\":[{\"@type\":\"SearchAction\",\"target\":{\"@type\":\"EntryPoint\",\"urlTemplate\":\"https:\/\/desmaraisprotection.com\/?s={search_term_string}\"},\"query-input\":\"required name=search_term_string\"}],\"inLanguage\":\"fr-CA\"},{\"@type\":\"WebPage\",\"@id\":\"https:\/\/desmaraisprotection.com\/index.php\/services-et-produits\/sonorisation-commerciale-et-residentielle\/#webpage\",\"url\":\"https:\/\/desmaraisprotection.com\/index.php\/services-et-produits\/sonorisation-commerciale-et-residentielle\/\",\"name\":\"Sonorisation commerciale et r\\u00e9sidentielle - Desmarais Protection \\u00c9lectronique\",\"isPartOf\":{\"@id\":\"https:\/\/desmaraisprotection.com\/#website\"},\"datePublished\":\"2017-07-25T17:57:22+00:00\",\"dateModified\":\"2023-05-24T18:51:26+00:00\",\"breadcrumb\":{\"@id\":\"https:\/\/desmaraisprotection.com\/index.php\/services-et-produits\/sonorisation-commerciale-et-residentielle\/#breadcrumb\"},\"inLanguage\":\"fr-CA\",\"potentialAction\":[{\"@type\":\"ReadAction\",\"target\":[\"https:\/\/desmaraisprotection.com\/index.php\/services-et-produits\/sonorisation-commerciale-et-residentielle\/\"]}]},{\"@type\":\"BreadcrumbList\",\"@id\":\"https:\/\/desmaraisprotection.com\/index.php\/services-et-produits\/sonorisation-commerciale-et-residentielle\/#breadcrumb\",\"itemListElement\":[{\"@type\":\"ListItem\",\"position\":1,\"name\":\"Accueil\",\"item\":\"https:\/\/www.desmaraisprotection.com\/\"},{\"@type\":\"ListItem\",\"position\":2,\"name\":\"Services et Produits\",\"item\":\"https:\/\/desmaraisprotection.com\/index.php\/services-et-produits\/\"},{\"@type\":\"ListItem\",\"position\":3,\"name\":\"Sonorisation commerciale et r\\u00e9sidentielle\"}]}]}<\/script>\n<!-- \/ Yoast SEO plugin. -->","yoast_head_json":{"title":"Sonorisation commerciale et r\u00e9sidentielle - Desmarais Protection \u00c9lectronique","robots":{"index":"index","follow":"follow","max-snippet":"max-snippet:-1","max-image-preview":"max-image-preview:large","max-video-preview":"max-video-preview:-1"},"canonical":"https:\/\/desmaraisprotection.com\/index.php\/services-et-produits\/sonorisation-commerciale-et-residentielle\/","og_locale":"fr_CA","og_type":"article","og_title":"Sonorisation commerciale et r\u00e9sidentielle - Desmarais Protection \u00c9lectronique","og_description":"[vc_row][vc_column width= &raquo;3\/12&Prime; el_class= &raquo;Text-white &raquo; css= &raquo;.vc_custom_1501247303470{background-color: #005595 !important;} &raquo; offset= &raquo;vc_hidden-sm vc_hidden-xs &raquo;][vc_wp_custommenu title= &raquo;Nos Services et Produits &raquo; nav_menu= &raquo;18&Prime;][\/vc_column][vc_column width= &raquo;9\/12&Prime; css= &raquo;.vc_custom_1501260394683{padding-top: 10px !important;padding-right: 20px !important;padding-bottom: 10px !important;padding-left: 20px !important;} &raquo; el_class= &raquo;mobile-text &raquo;][rev_slider_vc alias= &raquo;sonorisation &raquo;][doors_headings headings_title= &raquo;Commerciale &raquo; headings_subtitle= &raquo; &raquo; headings_alignment= &raquo;left &raquo; doors_heading_font_weight= &raquo;400&Prime; doors_sub_heading_font_weight= &raquo;400&Prime;][vc_column_text] [&hellip;]","og_url":"https:\/\/desmaraisprotection.com\/index.php\/services-et-produits\/sonorisation-commerciale-et-residentielle\/","og_site_name":"Desmarais Protection \u00c9lectronique","article_modified_time":"2023-05-24T18:51:26+00:00","twitter_card":"summary_large_image","twitter_misc":{"Estimation du temps de lecture":"2 minutes"},"schema":{"@context":"https:\/\/schema.org","@graph":[{"@type":"WebSite","@id":"https:\/\/desmaraisprotection.com\/#website","url":"https:\/\/desmaraisprotection.com\/","name":"Desmarais Protection \u00c9lectronique","description":"","potentialAction":[{"@type":"SearchAction","target":{"@type":"EntryPoint","urlTemplate":"https:\/\/desmaraisprotection.com\/?s={search_term_string}"},"query-input":"required name=search_term_string"}],"inLanguage":"fr-CA"},{"@type":"WebPage","@id":"https:\/\/desmaraisprotection.com\/index.php\/services-et-produits\/sonorisation-commerciale-et-residentielle\/#webpage","url":"https:\/\/desmaraisprotection.com\/index.php\/services-et-produits\/sonorisation-commerciale-et-residentielle\/","name":"Sonorisation commerciale et r\u00e9sidentielle - Desmarais Protection \u00c9lectronique","isPartOf":{"@id":"https:\/\/desmaraisprotection.com\/#website"},"datePublished":"2017-07-25T17:57:22+00:00","dateModified":"2023-05-24T18:51:26+00:00","breadcrumb":{"@id":"https:\/\/desmaraisprotection.com\/index.php\/services-et-produits\/sonorisation-commerciale-et-residentielle\/#breadcrumb"},"inLanguage":"fr-CA","potentialAction":[{"@type":"ReadAction","target":["https:\/\/desmaraisprotection.com\/index.php\/services-et-produits\/sonorisation-commerciale-et-residentielle\/"]}]},{"@type":"BreadcrumbList","@id":"https:\/\/desmaraisprotection.com\/index.php\/services-et-produits\/sonorisation-commerciale-et-residentielle\/#breadcrumb","itemListElement":[{"@type":"ListItem","position":1,"name":"Accueil","item":"https:\/\/www.desmaraisprotection.com\/"},{"@type":"ListItem","position":2,"name":"Services et Produits","item":"https:\/\/desmaraisprotection.com\/index.php\/services-et-produits\/"},{"@type":"ListItem","position":3,"name":"Sonorisation commerciale et r\u00e9sidentielle"}]}]}},"_links":{"self":[{"href":"https:\/\/desmaraisprotection.com\/index.php\/wp-json\/wp\/v2\/pages\/2833"}],"collection":[{"href":"https:\/\/desmaraisprotection.com\/index.php\/wp-json\/wp\/v2\/pages"}],"about":[{"href":"https:\/\/desmaraisprotection.com\/index.php\/wp-json\/wp\/v2\/types\/page"}],"author":[{"embeddable":true,"href":"https:\/\/desmaraisprotection.com\/index.php\/wp-json\/wp\/v2\/users\/1"}],"replies":[{"embeddable":true,"href":"https:\/\/desmaraisprotection.com\/index.php\/wp-json\/wp\/v2\/comments?post=2833"}],"version-history":[{"count":21,"href":"https:\/\/desmaraisprotection.com\/index.php\/wp-json\/wp\/v2\/pages\/2833\/revisions"}],"predecessor-version":[{"id":3721,"href":"https:\/\/desmaraisprotection.com\/index.php\/wp-json\/wp\/v2\/pages\/2833\/revisions\/3721"}],"up":[{"embeddable":true,"href":"https:\/\/desmaraisprotection.com\/index.php\/wp-json\/wp\/v2\/pages\/5"}],"wp:attachment":[{"href":"https:\/\/desmaraisprotection.com\/index.php\/wp-json\/wp\/v2\/media?parent=2833"}],"curies":[{"name":"wp","href":"https:\/\/api.w.org\/{rel}","templated":true}]}}