{"id":2827,"date":"2017-07-25T13:54:39","date_gmt":"2017-07-25T17:54:39","guid":{"rendered":"http:\/\/www.desmaraisprotection.com\/?page_id=2827"},"modified":"2023-05-24T14:39:02","modified_gmt":"2023-05-24T18:39:02","slug":"telephonie-ip","status":"publish","type":"page","link":"https:\/\/desmaraisprotection.com\/index.php\/services-et-produits\/telephonie-ip\/","title":{"rendered":"T\u00e9l\u00e9phonie IP"},"content":{"rendered":"<p>[vc_row][vc_column width= &raquo;3\/12&Prime; el_class= &raquo;Text-white &raquo; css= &raquo;.vc_custom_1501247164780{background-color: #005595 !important;} &raquo; offset= &raquo;vc_hidden-sm vc_hidden-xs &raquo;][vc_wp_custommenu title= &raquo;Nos Services et Produits &raquo; nav_menu= &raquo;18&Prime;][\/vc_column][vc_column width= &raquo;9\/12&Prime; css= &raquo;.vc_custom_1501260380491{padding-top: 10px !important;padding-right: 20px !important;padding-bottom: 10px !important;padding-left: 20px !important;} &raquo; el_class= &raquo;mobile-text &raquo;][rev_slider_vc alias= &raquo;telephonie &raquo;][vc_column_text]<\/p>\n<h3>T\u00e9l\u00e9phonie IP<\/h3>\n<p>Avec la t\u00e9l\u00e9phonie IP de D. \u00c9lectronique Protection Inc., que vous soyez n\u2019importe o\u00f9 dans le monde, vous \u00eates toujours branch\u00e9s. Que vous soyez dans votre commerce, \u00e0 la maison ou au chalet, que vous ayez un ou plusieurs postes de travail et de t\u00e9l\u00e9phone, la t\u00e9l\u00e9phonie IP permet de vous rejoindre sur votre poste de travail&#8230; il suffit d\u2019\u00eatre branch\u00e9 sur le WIFI![\/vc_column_text][vc_column_text]<\/p>\n<h3>Les PLUS!<\/h3>\n<p>En utilisant, sur votre t\u00e9l\u00e9phone intelligent, l\u2019application li\u00e9e \u00e0 notre service de t\u00e9l\u00e9phonie IP, et la connexion WIFI, ce n\u2019est plus les donn\u00e9es de votre fournisseur de service mobile que vous utilisez, mais le WIFI de l\u2019endroit o\u00f9 vous \u00eates, que vous soyez en Europe ou dans les Cara\u00efbes!<\/p>\n<p>Comme les grands fournisseurs de t\u00e9l\u00e9phonie, D. \u00c9lectronique Protection Inc. offre des lignes de t\u00e9l\u00e9phone, incluant les services de renvoie d\u2019appel, caller ID, voice to text &#8211; le message vocale laiss\u00e9e sur une bo\u00eete vocale est transcrit et envoy\u00e9 par courriel. Le courriel inclut aussi le message original en fichier. wave.<\/p>\n<p><strong>Encore PLUS!<\/strong><br \/>\nLe <em>voice to text<\/em> de D. \u00c9lectronique Protection Inc. est une solution intelligente et productive pour r\u00e9pondre rapidement \u00e0 un message vocal, ou le transf\u00e9rer \u00e0 un coll\u00e8gue qui saura mieux y r\u00e9pondre.[\/vc_column_text][vc_row_inner][vc_column_inner width= &raquo;1\/2&Prime; offset= &raquo;vc_hidden-sm vc_hidden-xs &raquo;][vc_column_text]<strong>Intercom Audio<\/strong><\/p>\n<p><strong>Intercom Vid\u00e9o<\/strong><\/p>\n<p><strong>T\u00e9l\u00e9phonie IP<\/strong><\/p>\n<p><strong>T\u00e9l\u00e9phonie analogue<\/strong>[\/vc_column_text][\/vc_column_inner][vc_column_inner width= &raquo;1\/2&Prime; offset= &raquo;vc_hidden-sm vc_hidden-xs &raquo;][vc_column_text]AIPHONE, MIRCOM, VALCOM, FARFISA, etc.<\/p>\n<p>AIPHONE, MIRCOM, VALCOM, FARFISA, etc.<\/p>\n<p>AVAYA, AASTRA, NORTEL, etc.<\/p>\n<p>NORTEL, AVAYA, etc.[\/vc_column_text][\/vc_column_inner][\/vc_row_inner][vc_row_inner][vc_column_inner offset= &raquo;vc_hidden-lg vc_hidden-md &raquo;][vc_column_text]<strong>Intercom Audio<\/strong><\/p>\n<p style=\"text-align: right;\"><em>AIPHONE, MIRCOM, VALCOM, FARFISA, etc.<\/em><\/p>\n<p><strong>Intercom Vid\u00e9o<\/strong><\/p>\n<p style=\"text-align: right;\"><em>AIPHONE, MIRCOM, VALCOM, FARFISA, etc.<\/em><\/p>\n<p><strong>T\u00e9l\u00e9phonie IP<\/strong><\/p>\n<p style=\"text-align: right;\"><em>AVAYA, AASTRA, NORTEL, etc.<\/em><\/p>\n<p><strong>T\u00e9l\u00e9phonie analogue<\/strong><\/p>\n<p style=\"text-align: right;\"><em>NORTEL, AVAYA, etc.<\/em><\/p>\n<p>[\/vc_column_text][\/vc_column_inner][\/vc_row_inner][doors_empty_spaces height_mobile= &raquo;20&Prime; height_tablet= &raquo;25&Prime; height_desktop= &raquo;40&Prime;][\/vc_column][\/vc_row]<\/p>\n","protected":false},"excerpt":{"rendered":"<p>[vc_row][vc_column width= &raquo;3\/12&Prime; el_class= &raquo;Text-white &raquo; css= &raquo;.vc_custom_1501247164780{background-color: #005595 !important;} &raquo; offset= &raquo;vc_hidden-sm vc_hidden-xs &raquo;][vc_wp_custommenu title= &raquo;Nos Services et Produits &raquo; nav_menu= &raquo;18&Prime;][\/vc_column][vc_column width= &raquo;9\/12&Prime; css= &raquo;.vc_custom_1501260380491{padding-top: 10px !important;padding-right: 20px !important;padding-bottom: 10px !important;padding-left: 20px !important;} &raquo; el_class= &raquo;mobile-text &raquo;][rev_slider_vc alias= &raquo;telephonie &raquo;][vc_column_text] T\u00e9l\u00e9phonie IP Avec la t\u00e9l\u00e9phonie IP de D. \u00c9lectronique Protection Inc., que vous [&hellip;]<\/p>\n","protected":false},"author":1,"featured_media":0,"parent":5,"menu_order":7,"comment_status":"closed","ping_status":"closed","template":"","meta":[],"yoast_head":"<!-- This site is optimized with the Yoast SEO plugin v17.1 - https:\/\/yoast.com\/wordpress\/plugins\/seo\/ -->\n<title>T\u00e9l\u00e9phonie IP - Desmarais Protection \u00c9lectronique<\/title>\n<meta name=\"robots\" content=\"index, follow, max-snippet:-1, max-image-preview:large, max-video-preview:-1\" \/>\n<link rel=\"canonical\" href=\"https:\/\/desmaraisprotection.com\/index.php\/services-et-produits\/telephonie-ip\/\" \/>\n<meta property=\"og:locale\" content=\"fr_CA\" \/>\n<meta property=\"og:type\" content=\"article\" \/>\n<meta property=\"og:title\" content=\"T\u00e9l\u00e9phonie IP - Desmarais Protection \u00c9lectronique\" \/>\n<meta property=\"og:description\" content=\"[vc_row][vc_column width= &raquo;3\/12&Prime; el_class= &raquo;Text-white &raquo; css= &raquo;.vc_custom_1501247164780{background-color: #005595 !important;} &raquo; offset= &raquo;vc_hidden-sm vc_hidden-xs &raquo;][vc_wp_custommenu title= &raquo;Nos Services et Produits &raquo; nav_menu= &raquo;18&Prime;][\/vc_column][vc_column width= &raquo;9\/12&Prime; css= &raquo;.vc_custom_1501260380491{padding-top: 10px !important;padding-right: 20px !important;padding-bottom: 10px !important;padding-left: 20px !important;} &raquo; el_class= &raquo;mobile-text &raquo;][rev_slider_vc alias= &raquo;telephonie &raquo;][vc_column_text] T\u00e9l\u00e9phonie IP Avec la t\u00e9l\u00e9phonie IP de D. \u00c9lectronique Protection Inc., que vous [&hellip;]\" \/>\n<meta property=\"og:url\" content=\"https:\/\/desmaraisprotection.com\/index.php\/services-et-produits\/telephonie-ip\/\" \/>\n<meta property=\"og:site_name\" content=\"Desmarais Protection \u00c9lectronique\" \/>\n<meta property=\"article:modified_time\" content=\"2023-05-24T18:39:02+00:00\" \/>\n<meta name=\"twitter:card\" content=\"summary_large_image\" \/>\n<meta name=\"twitter:label1\" content=\"Estimation du temps de lecture\" \/>\n\t<meta name=\"twitter:data1\" content=\"2 minutes\" \/>\n<script type=\"application\/ld+json\" class=\"yoast-schema-graph\">{\"@context\":\"https:\/\/schema.org\",\"@graph\":[{\"@type\":\"WebSite\",\"@id\":\"https:\/\/desmaraisprotection.com\/#website\",\"url\":\"https:\/\/desmaraisprotection.com\/\",\"name\":\"Desmarais Protection \\u00c9lectronique\",\"description\":\"\",\"potentialAction\":[{\"@type\":\"SearchAction\",\"target\":{\"@type\":\"EntryPoint\",\"urlTemplate\":\"https:\/\/desmaraisprotection.com\/?s={search_term_string}\"},\"query-input\":\"required name=search_term_string\"}],\"inLanguage\":\"fr-CA\"},{\"@type\":\"WebPage\",\"@id\":\"https:\/\/desmaraisprotection.com\/index.php\/services-et-produits\/telephonie-ip\/#webpage\",\"url\":\"https:\/\/desmaraisprotection.com\/index.php\/services-et-produits\/telephonie-ip\/\",\"name\":\"T\\u00e9l\\u00e9phonie IP - Desmarais Protection \\u00c9lectronique\",\"isPartOf\":{\"@id\":\"https:\/\/desmaraisprotection.com\/#website\"},\"datePublished\":\"2017-07-25T17:54:39+00:00\",\"dateModified\":\"2023-05-24T18:39:02+00:00\",\"breadcrumb\":{\"@id\":\"https:\/\/desmaraisprotection.com\/index.php\/services-et-produits\/telephonie-ip\/#breadcrumb\"},\"inLanguage\":\"fr-CA\",\"potentialAction\":[{\"@type\":\"ReadAction\",\"target\":[\"https:\/\/desmaraisprotection.com\/index.php\/services-et-produits\/telephonie-ip\/\"]}]},{\"@type\":\"BreadcrumbList\",\"@id\":\"https:\/\/desmaraisprotection.com\/index.php\/services-et-produits\/telephonie-ip\/#breadcrumb\",\"itemListElement\":[{\"@type\":\"ListItem\",\"position\":1,\"name\":\"Accueil\",\"item\":\"https:\/\/www.desmaraisprotection.com\/\"},{\"@type\":\"ListItem\",\"position\":2,\"name\":\"Services et Produits\",\"item\":\"https:\/\/desmaraisprotection.com\/index.php\/services-et-produits\/\"},{\"@type\":\"ListItem\",\"position\":3,\"name\":\"T\\u00e9l\\u00e9phonie IP\"}]}]}<\/script>\n<!-- \/ Yoast SEO plugin. -->","yoast_head_json":{"title":"T\u00e9l\u00e9phonie IP - Desmarais Protection \u00c9lectronique","robots":{"index":"index","follow":"follow","max-snippet":"max-snippet:-1","max-image-preview":"max-image-preview:large","max-video-preview":"max-video-preview:-1"},"canonical":"https:\/\/desmaraisprotection.com\/index.php\/services-et-produits\/telephonie-ip\/","og_locale":"fr_CA","og_type":"article","og_title":"T\u00e9l\u00e9phonie IP - Desmarais Protection \u00c9lectronique","og_description":"[vc_row][vc_column width= &raquo;3\/12&Prime; el_class= &raquo;Text-white &raquo; css= &raquo;.vc_custom_1501247164780{background-color: #005595 !important;} &raquo; offset= &raquo;vc_hidden-sm vc_hidden-xs &raquo;][vc_wp_custommenu title= &raquo;Nos Services et Produits &raquo; nav_menu= &raquo;18&Prime;][\/vc_column][vc_column width= &raquo;9\/12&Prime; css= &raquo;.vc_custom_1501260380491{padding-top: 10px !important;padding-right: 20px !important;padding-bottom: 10px !important;padding-left: 20px !important;} &raquo; el_class= &raquo;mobile-text &raquo;][rev_slider_vc alias= &raquo;telephonie &raquo;][vc_column_text] T\u00e9l\u00e9phonie IP Avec la t\u00e9l\u00e9phonie IP de D. \u00c9lectronique Protection Inc., que vous [&hellip;]","og_url":"https:\/\/desmaraisprotection.com\/index.php\/services-et-produits\/telephonie-ip\/","og_site_name":"Desmarais Protection \u00c9lectronique","article_modified_time":"2023-05-24T18:39:02+00:00","twitter_card":"summary_large_image","twitter_misc":{"Estimation du temps de lecture":"2 minutes"},"schema":{"@context":"https:\/\/schema.org","@graph":[{"@type":"WebSite","@id":"https:\/\/desmaraisprotection.com\/#website","url":"https:\/\/desmaraisprotection.com\/","name":"Desmarais Protection \u00c9lectronique","description":"","potentialAction":[{"@type":"SearchAction","target":{"@type":"EntryPoint","urlTemplate":"https:\/\/desmaraisprotection.com\/?s={search_term_string}"},"query-input":"required name=search_term_string"}],"inLanguage":"fr-CA"},{"@type":"WebPage","@id":"https:\/\/desmaraisprotection.com\/index.php\/services-et-produits\/telephonie-ip\/#webpage","url":"https:\/\/desmaraisprotection.com\/index.php\/services-et-produits\/telephonie-ip\/","name":"T\u00e9l\u00e9phonie IP - Desmarais Protection \u00c9lectronique","isPartOf":{"@id":"https:\/\/desmaraisprotection.com\/#website"},"datePublished":"2017-07-25T17:54:39+00:00","dateModified":"2023-05-24T18:39:02+00:00","breadcrumb":{"@id":"https:\/\/desmaraisprotection.com\/index.php\/services-et-produits\/telephonie-ip\/#breadcrumb"},"inLanguage":"fr-CA","potentialAction":[{"@type":"ReadAction","target":["https:\/\/desmaraisprotection.com\/index.php\/services-et-produits\/telephonie-ip\/"]}]},{"@type":"BreadcrumbList","@id":"https:\/\/desmaraisprotection.com\/index.php\/services-et-produits\/telephonie-ip\/#breadcrumb","itemListElement":[{"@type":"ListItem","position":1,"name":"Accueil","item":"https:\/\/www.desmaraisprotection.com\/"},{"@type":"ListItem","position":2,"name":"Services et Produits","item":"https:\/\/desmaraisprotection.com\/index.php\/services-et-produits\/"},{"@type":"ListItem","position":3,"name":"T\u00e9l\u00e9phonie IP"}]}]}},"_links":{"self":[{"href":"https:\/\/desmaraisprotection.com\/index.php\/wp-json\/wp\/v2\/pages\/2827"}],"collection":[{"href":"https:\/\/desmaraisprotection.com\/index.php\/wp-json\/wp\/v2\/pages"}],"about":[{"href":"https:\/\/desmaraisprotection.com\/index.php\/wp-json\/wp\/v2\/types\/page"}],"author":[{"embeddable":true,"href":"https:\/\/desmaraisprotection.com\/index.php\/wp-json\/wp\/v2\/users\/1"}],"replies":[{"embeddable":true,"href":"https:\/\/desmaraisprotection.com\/index.php\/wp-json\/wp\/v2\/comments?post=2827"}],"version-history":[{"count":18,"href":"https:\/\/desmaraisprotection.com\/index.php\/wp-json\/wp\/v2\/pages\/2827\/revisions"}],"predecessor-version":[{"id":3717,"href":"https:\/\/desmaraisprotection.com\/index.php\/wp-json\/wp\/v2\/pages\/2827\/revisions\/3717"}],"up":[{"embeddable":true,"href":"https:\/\/desmaraisprotection.com\/index.php\/wp-json\/wp\/v2\/pages\/5"}],"wp:attachment":[{"href":"https:\/\/desmaraisprotection.com\/index.php\/wp-json\/wp\/v2\/media?parent=2827"}],"curies":[{"name":"wp","href":"https:\/\/api.w.org\/{rel}","templated":true}]}}