{"id":2823,"date":"2017-07-25T13:51:28","date_gmt":"2017-07-25T17:51:28","guid":{"rendered":"http:\/\/www.desmaraisprotection.com\/?page_id=2823"},"modified":"2023-05-24T14:23:56","modified_gmt":"2023-05-24T18:23:56","slug":"appel-durgence","status":"publish","type":"page","link":"https:\/\/desmaraisprotection.com\/index.php\/services-et-produits\/appel-durgence\/","title":{"rendered":"Appel d&rsquo;urgence"},"content":{"rendered":"<p>[vc_row][vc_column width= &raquo;3\/12&Prime; el_class= &raquo;Text-white &raquo; css= &raquo;.vc_custom_1501247067363{background-color: #005595 !important;} &raquo; offset= &raquo;vc_hidden-sm vc_hidden-xs &raquo;][vc_wp_custommenu title= &raquo;Nos Services et Produits &raquo; nav_menu= &raquo;18&Prime;][\/vc_column][vc_column width= &raquo;9\/12&Prime; css= &raquo;.vc_custom_1501260367556{padding-top: 10px !important;padding-right: 20px !important;padding-bottom: 10px !important;padding-left: 20px !important;} &raquo; el_class= &raquo;mobile-text &raquo;][rev_slider_vc alias= &raquo;appelurgence &raquo;][vc_column_text]<\/p>\n<h3>Appel d\u2019infirmi\u00e8re<\/h3>\n<p>Utilis\u00e9s dans les<a href=\"https:\/\/www.desmaraisprotection.com\/index.php\/2019\/06\/18\/un-nouveau-chez-soi-ou-il-fait-bon-vivre-en-toute-securite\/\" target=\"_blank\" rel=\"noopener noreferrer\"> r\u00e9sidences de personnes \u00e2g\u00e9es<\/a> pour assurer leur s\u00e9curit\u00e9, nous installons des cloches et cordons d\u2019appel, et relions au syst\u00e8me un <a href=\"https:\/\/www.desmaraisprotection.com\/index.php\/2019\/06\/18\/un-nouveau-chez-soi-ou-il-fait-bon-vivre-en-toute-securite\/\" target=\"_blank\" rel=\"noopener noreferrer\">bracelet d\u2019urgence<\/a>. Chez D. \u00c9lectronique Protection Inc., nous sommes en mesure de relier tous ces \u00e9l\u00e9ments ensembles afin de d\u00e9tecter les activit\u00e9s des dispositifs des r\u00e9sidents. Ceux-ci communiquent directement avec l\u2019application dont se sert le gestionnaire pour le traitement des appels, la gestion des \u00e9v\u00e9nements, la communication ou les rapports.<\/p>\n<p><a href=\"https:\/\/www.desmaraisprotection.com\/index.php\/2019\/06\/18\/un-nouveau-chez-soi-ou-il-fait-bon-vivre-en-toute-securite\/\" target=\"_blank\" rel=\"noopener noreferrer\"><em>Voyez comment le Ch\u00e2teau Langelier utilise nos services pour assurer la s\u00e9curit\u00e9 de ses r\u00e9sidents.<\/em><\/a>[\/vc_column_text][vc_column_text]<\/p>\n<h3>Service d\u2019urgence<\/h3>\n<p>L\u2019objectif est toujours de prot\u00e9ger ce qu\u2019il y a de plus pr\u00e9cieux; des vies humaines.<br \/>\nSollicitez l\u2019aide des services d\u2019urgence directement \u00e0 partir du bouton panique du clavier de votre syst\u00e8me de s\u00e9curit\u00e9 ou de votre t\u00e9l\u00e9commande sans fil! De plus, le service offert chez D. \u00c9lectronique Protection Inc. est GRATUIT avec la protection contre les intrusions![\/vc_column_text][vc_column_text]<\/p>\n<h3>Travailleur isol\u00e9<\/h3>\n<p>Que ce soit dans les usines, ou dans le cadre d\u2019un emploi o\u00f9 le travailleur est seul sur son quart de travail, nous adaptons la r\u00e9alit\u00e9 du client avec une solution qui lui convient.[\/vc_column_text][vc_column_text]<\/p>\n<h3>Bouton sp\u00e9cialis\u00e9 pour mobilit\u00e9 r\u00e9duite<\/h3>\n<p>Notre \u00e9quipe chez D. \u00c9lectronique Protection Inc. installe les boutons sp\u00e9cialis\u00e9s pour la mobilit\u00e9 r\u00e9duite dans les centres sp\u00e9cialis\u00e9s \u00e0 cet effet, les h\u00f4pitaux, les CHSLD et les Centres int\u00e9gr\u00e9s de soins et services sociaux (CISSS).[\/vc_column_text][vc_row_inner][vc_column_inner width= &raquo;1\/2&Prime; offset= &raquo;vc_hidden-sm vc_hidden-xs &raquo;][vc_column_text]<strong>Appel d&rsquo;infirmi\u00e8re<\/strong><\/p>\n<p><strong>Travailleur isol\u00e9<\/strong><\/p>\n<p><strong>Boutons sp\u00e9cialis\u00e9s pour mobilit\u00e9 r\u00e9duite<\/strong>[\/vc_column_text][\/vc_column_inner][vc_column_inner width= &raquo;1\/2&Prime; offset= &raquo;vc_hidden-sm vc_hidden-xs &raquo;][vc_column_text]JSM MICRO, PARADOX, DSC, etc.<\/p>\n<p>Personne \u00e0 terre, Mansdown[\/vc_column_text][\/vc_column_inner][\/vc_row_inner][vc_row_inner][vc_column_inner offset= &raquo;vc_hidden-lg vc_hidden-md &raquo;][vc_column_text]<strong>Appel d&rsquo;infirmi\u00e8re<\/strong><\/p>\n<p style=\"text-align: right;\"><em>JSM MICRO, PARADOX, DSC, etc.<\/em><\/p>\n<p><strong>Travailleur isol\u00e9<\/strong><\/p>\n<p style=\"text-align: right;\"><em>Personne \u00e0 terre, Mansdown<\/em><\/p>\n<p><strong>Boutons sp\u00e9cialis\u00e9s pour mobilit\u00e9 r\u00e9duite<\/strong>[\/vc_column_text][\/vc_column_inner][\/vc_row_inner][doors_empty_spaces height_mobile= &raquo;20&Prime; height_tablet= &raquo;25&Prime; height_desktop= &raquo;40&Prime;][\/vc_column][\/vc_row][vc_row][vc_column][\/vc_column][\/vc_row]<\/p>\n","protected":false},"excerpt":{"rendered":"<p>[vc_row][vc_column width= &raquo;3\/12&Prime; el_class= &raquo;Text-white &raquo; css= &raquo;.vc_custom_1501247067363{background-color: #005595 !important;} &raquo; offset= &raquo;vc_hidden-sm vc_hidden-xs &raquo;][vc_wp_custommenu title= &raquo;Nos Services et Produits &raquo; nav_menu= &raquo;18&Prime;][\/vc_column][vc_column width= &raquo;9\/12&Prime; css= &raquo;.vc_custom_1501260367556{padding-top: 10px !important;padding-right: 20px !important;padding-bottom: 10px !important;padding-left: 20px !important;} &raquo; el_class= &raquo;mobile-text &raquo;][rev_slider_vc alias= &raquo;appelurgence &raquo;][vc_column_text] Appel d\u2019infirmi\u00e8re Utilis\u00e9s dans les r\u00e9sidences de personnes \u00e2g\u00e9es pour assurer leur s\u00e9curit\u00e9, [&hellip;]<\/p>\n","protected":false},"author":1,"featured_media":0,"parent":5,"menu_order":5,"comment_status":"closed","ping_status":"closed","template":"","meta":[],"yoast_head":"<!-- This site is optimized with the Yoast SEO plugin v17.1 - https:\/\/yoast.com\/wordpress\/plugins\/seo\/ -->\n<title>Appel d&#039;urgence - Desmarais Protection \u00c9lectronique<\/title>\n<meta name=\"robots\" content=\"index, follow, max-snippet:-1, max-image-preview:large, max-video-preview:-1\" \/>\n<link rel=\"canonical\" href=\"https:\/\/desmaraisprotection.com\/index.php\/services-et-produits\/appel-durgence\/\" \/>\n<meta property=\"og:locale\" content=\"fr_CA\" \/>\n<meta property=\"og:type\" content=\"article\" \/>\n<meta property=\"og:title\" content=\"Appel d&#039;urgence - Desmarais Protection \u00c9lectronique\" \/>\n<meta property=\"og:description\" content=\"[vc_row][vc_column width= &raquo;3\/12&Prime; el_class= &raquo;Text-white &raquo; css= &raquo;.vc_custom_1501247067363{background-color: #005595 !important;} &raquo; offset= &raquo;vc_hidden-sm vc_hidden-xs &raquo;][vc_wp_custommenu title= &raquo;Nos Services et Produits &raquo; nav_menu= &raquo;18&Prime;][\/vc_column][vc_column width= &raquo;9\/12&Prime; css= &raquo;.vc_custom_1501260367556{padding-top: 10px !important;padding-right: 20px !important;padding-bottom: 10px !important;padding-left: 20px !important;} &raquo; el_class= &raquo;mobile-text &raquo;][rev_slider_vc alias= &raquo;appelurgence &raquo;][vc_column_text] Appel d\u2019infirmi\u00e8re Utilis\u00e9s dans les r\u00e9sidences de personnes \u00e2g\u00e9es pour assurer leur s\u00e9curit\u00e9, [&hellip;]\" \/>\n<meta property=\"og:url\" content=\"https:\/\/desmaraisprotection.com\/index.php\/services-et-produits\/appel-durgence\/\" \/>\n<meta property=\"og:site_name\" content=\"Desmarais Protection \u00c9lectronique\" \/>\n<meta property=\"article:modified_time\" content=\"2023-05-24T18:23:56+00:00\" \/>\n<meta name=\"twitter:card\" content=\"summary_large_image\" \/>\n<meta name=\"twitter:label1\" content=\"Estimation du temps de lecture\" \/>\n\t<meta name=\"twitter:data1\" content=\"2 minutes\" \/>\n<script type=\"application\/ld+json\" class=\"yoast-schema-graph\">{\"@context\":\"https:\/\/schema.org\",\"@graph\":[{\"@type\":\"WebSite\",\"@id\":\"https:\/\/desmaraisprotection.com\/#website\",\"url\":\"https:\/\/desmaraisprotection.com\/\",\"name\":\"Desmarais Protection \\u00c9lectronique\",\"description\":\"\",\"potentialAction\":[{\"@type\":\"SearchAction\",\"target\":{\"@type\":\"EntryPoint\",\"urlTemplate\":\"https:\/\/desmaraisprotection.com\/?s={search_term_string}\"},\"query-input\":\"required name=search_term_string\"}],\"inLanguage\":\"fr-CA\"},{\"@type\":\"WebPage\",\"@id\":\"https:\/\/desmaraisprotection.com\/index.php\/services-et-produits\/appel-durgence\/#webpage\",\"url\":\"https:\/\/desmaraisprotection.com\/index.php\/services-et-produits\/appel-durgence\/\",\"name\":\"Appel d'urgence - Desmarais Protection \\u00c9lectronique\",\"isPartOf\":{\"@id\":\"https:\/\/desmaraisprotection.com\/#website\"},\"datePublished\":\"2017-07-25T17:51:28+00:00\",\"dateModified\":\"2023-05-24T18:23:56+00:00\",\"breadcrumb\":{\"@id\":\"https:\/\/desmaraisprotection.com\/index.php\/services-et-produits\/appel-durgence\/#breadcrumb\"},\"inLanguage\":\"fr-CA\",\"potentialAction\":[{\"@type\":\"ReadAction\",\"target\":[\"https:\/\/desmaraisprotection.com\/index.php\/services-et-produits\/appel-durgence\/\"]}]},{\"@type\":\"BreadcrumbList\",\"@id\":\"https:\/\/desmaraisprotection.com\/index.php\/services-et-produits\/appel-durgence\/#breadcrumb\",\"itemListElement\":[{\"@type\":\"ListItem\",\"position\":1,\"name\":\"Accueil\",\"item\":\"https:\/\/www.desmaraisprotection.com\/\"},{\"@type\":\"ListItem\",\"position\":2,\"name\":\"Services et Produits\",\"item\":\"https:\/\/desmaraisprotection.com\/index.php\/services-et-produits\/\"},{\"@type\":\"ListItem\",\"position\":3,\"name\":\"Appel d&rsquo;urgence\"}]}]}<\/script>\n<!-- \/ Yoast SEO plugin. -->","yoast_head_json":{"title":"Appel d'urgence - Desmarais Protection \u00c9lectronique","robots":{"index":"index","follow":"follow","max-snippet":"max-snippet:-1","max-image-preview":"max-image-preview:large","max-video-preview":"max-video-preview:-1"},"canonical":"https:\/\/desmaraisprotection.com\/index.php\/services-et-produits\/appel-durgence\/","og_locale":"fr_CA","og_type":"article","og_title":"Appel d'urgence - Desmarais Protection \u00c9lectronique","og_description":"[vc_row][vc_column width= &raquo;3\/12&Prime; el_class= &raquo;Text-white &raquo; css= &raquo;.vc_custom_1501247067363{background-color: #005595 !important;} &raquo; offset= &raquo;vc_hidden-sm vc_hidden-xs &raquo;][vc_wp_custommenu title= &raquo;Nos Services et Produits &raquo; nav_menu= &raquo;18&Prime;][\/vc_column][vc_column width= &raquo;9\/12&Prime; css= &raquo;.vc_custom_1501260367556{padding-top: 10px !important;padding-right: 20px !important;padding-bottom: 10px !important;padding-left: 20px !important;} &raquo; el_class= &raquo;mobile-text &raquo;][rev_slider_vc alias= &raquo;appelurgence &raquo;][vc_column_text] Appel d\u2019infirmi\u00e8re Utilis\u00e9s dans les r\u00e9sidences de personnes \u00e2g\u00e9es pour assurer leur s\u00e9curit\u00e9, [&hellip;]","og_url":"https:\/\/desmaraisprotection.com\/index.php\/services-et-produits\/appel-durgence\/","og_site_name":"Desmarais Protection \u00c9lectronique","article_modified_time":"2023-05-24T18:23:56+00:00","twitter_card":"summary_large_image","twitter_misc":{"Estimation du temps de lecture":"2 minutes"},"schema":{"@context":"https:\/\/schema.org","@graph":[{"@type":"WebSite","@id":"https:\/\/desmaraisprotection.com\/#website","url":"https:\/\/desmaraisprotection.com\/","name":"Desmarais Protection \u00c9lectronique","description":"","potentialAction":[{"@type":"SearchAction","target":{"@type":"EntryPoint","urlTemplate":"https:\/\/desmaraisprotection.com\/?s={search_term_string}"},"query-input":"required name=search_term_string"}],"inLanguage":"fr-CA"},{"@type":"WebPage","@id":"https:\/\/desmaraisprotection.com\/index.php\/services-et-produits\/appel-durgence\/#webpage","url":"https:\/\/desmaraisprotection.com\/index.php\/services-et-produits\/appel-durgence\/","name":"Appel d'urgence - Desmarais Protection \u00c9lectronique","isPartOf":{"@id":"https:\/\/desmaraisprotection.com\/#website"},"datePublished":"2017-07-25T17:51:28+00:00","dateModified":"2023-05-24T18:23:56+00:00","breadcrumb":{"@id":"https:\/\/desmaraisprotection.com\/index.php\/services-et-produits\/appel-durgence\/#breadcrumb"},"inLanguage":"fr-CA","potentialAction":[{"@type":"ReadAction","target":["https:\/\/desmaraisprotection.com\/index.php\/services-et-produits\/appel-durgence\/"]}]},{"@type":"BreadcrumbList","@id":"https:\/\/desmaraisprotection.com\/index.php\/services-et-produits\/appel-durgence\/#breadcrumb","itemListElement":[{"@type":"ListItem","position":1,"name":"Accueil","item":"https:\/\/www.desmaraisprotection.com\/"},{"@type":"ListItem","position":2,"name":"Services et Produits","item":"https:\/\/desmaraisprotection.com\/index.php\/services-et-produits\/"},{"@type":"ListItem","position":3,"name":"Appel d&rsquo;urgence"}]}]}},"_links":{"self":[{"href":"https:\/\/desmaraisprotection.com\/index.php\/wp-json\/wp\/v2\/pages\/2823"}],"collection":[{"href":"https:\/\/desmaraisprotection.com\/index.php\/wp-json\/wp\/v2\/pages"}],"about":[{"href":"https:\/\/desmaraisprotection.com\/index.php\/wp-json\/wp\/v2\/types\/page"}],"author":[{"embeddable":true,"href":"https:\/\/desmaraisprotection.com\/index.php\/wp-json\/wp\/v2\/users\/1"}],"replies":[{"embeddable":true,"href":"https:\/\/desmaraisprotection.com\/index.php\/wp-json\/wp\/v2\/comments?post=2823"}],"version-history":[{"count":20,"href":"https:\/\/desmaraisprotection.com\/index.php\/wp-json\/wp\/v2\/pages\/2823\/revisions"}],"predecessor-version":[{"id":3714,"href":"https:\/\/desmaraisprotection.com\/index.php\/wp-json\/wp\/v2\/pages\/2823\/revisions\/3714"}],"up":[{"embeddable":true,"href":"https:\/\/desmaraisprotection.com\/index.php\/wp-json\/wp\/v2\/pages\/5"}],"wp:attachment":[{"href":"https:\/\/desmaraisprotection.com\/index.php\/wp-json\/wp\/v2\/media?parent=2823"}],"curies":[{"name":"wp","href":"https:\/\/api.w.org\/{rel}","templated":true}]}}