{"id":2819,"date":"2017-07-25T13:49:43","date_gmt":"2017-07-25T17:49:43","guid":{"rendered":"http:\/\/www.desmaraisprotection.com\/?page_id=2819"},"modified":"2023-06-06T08:49:43","modified_gmt":"2023-06-06T12:49:43","slug":"incendie","status":"publish","type":"page","link":"https:\/\/desmaraisprotection.com\/index.php\/services-et-produits\/incendie\/","title":{"rendered":"Incendie"},"content":{"rendered":"<p>[vc_row][vc_column width= &raquo;3\/12&Prime; el_class= &raquo;Text-white &raquo; css= &raquo;.vc_custom_1501246904696{background-color: #005595 !important;} &raquo; offset= &raquo;vc_hidden-sm vc_hidden-xs &raquo;][vc_wp_custommenu title= &raquo;Nos Services et Produits &raquo; nav_menu= &raquo;18&Prime;][\/vc_column][vc_column width= &raquo;9\/12&Prime; css= &raquo;.vc_custom_1501260347226{padding-top: 10px !important;padding-right: 20px !important;padding-bottom: 10px !important;padding-left: 20px !important;} &raquo; el_class= &raquo;mobile-text &raquo;][rev_slider_vc alias= &raquo;incendie &raquo;][vc_column_text]Notre service de protection incendie permet de sauver des vies. Reli\u00e9 au central d\u2019alarme ADT, notre panneau incendie prot\u00e8ge les bureaux, les installations commerciales ou industrielles.[\/vc_column_text][vc_column_text]<\/p>\n<h3>R\u00e9sidentiel<\/h3>\n<p><em>\u00c9vitez de faire partie des statistiques. <\/em><em>Un quart des d\u00e9c\u00e8s li\u00e9s aux\u00a0incendies r\u00e9sidentiels sont d\u00fb au feu dans des maisons o\u00f9 les d\u00e9tecteurs de fum\u00e9e ne fonctionnent pas.<\/em><\/p>\n<p>Pour se garantir que nos d\u00e9tecteurs de fum\u00e9e fonctionnent correctement, ils doivent \u00eatre test\u00e9s et nettoy\u00e9s r\u00e9guli\u00e8rement. De plus, les piles et les d\u00e9tecteurs eux-m\u00eames doivent \u00eatre remplac\u00e9s p\u00e9riodiquement.[\/vc_column_text][vc_column_text]<\/p>\n<h3>Et la tranquillit\u00e9 d\u2019esprit, \u00e7a n\u2019a pas de prix!<\/h3>\n<p>Les d\u00e9tecteurs de fum\u00e9e et de chaleur sophistiqu\u00e9s que nous proposons retentissent d\u00e8s les premiers signes d\u2019un incendie. Le centre de t\u00e9l\u00e9surveillance GardaWorld re\u00e7oit l\u2019alarme, puis vous alerte en m\u00eame temps que le service d\u2019incendie. Ainsi, les services d\u2019urgence sont d\u00e9ploy\u00e9s rapidement sur les lieux.<\/p>\n<p>Le centre de t\u00e9l\u00e9surveillance GardaWorld est professionnel, et veille sur vous et votre famille, 24 heures sur 24, 7 jours sur 7, que vous soyez \u00e0 la maison ou non, et m\u00eame pendant les pannes \u00e9lectriques. Comment un d\u00e9tecteur de fum\u00e9e achet\u00e9 en magasin grande surface pourrait en faire autant pour vous?<\/p>\n<p>Assurez la s\u00e9curit\u00e9 de votre maison, de votre famille, de vos animaux domestiques et de vos biens en\u00a0<a href=\"https:\/\/www.desmaraisprotection.com\/index.php\/contact\/\">communiquant avec un de nos sp\u00e9cialistes en s\u00e9curit\u00e9<\/a>\u00a0au sujet de nos d\u00e9tecteurs de fum\u00e9e t\u00e9l\u00e9surveill\u00e9s abordables.[\/vc_column_text][vc_column_text]<\/p>\n<h3>Monoxyde de carbone<\/h3>\n<p>Le monoxyde de carbone (CO) est la principale cause d\u2019empoisonnement accidentelle en Am\u00e9rique du Nord<sup>1<\/sup>. Il s\u2019agit d\u2019un gaz hautement toxique, inodore, incolore et insipide.<\/p>\n<p>Si l\u2019on combine\u00a0les diff\u00e9rents combustibles qui produisent du CO, il est estim\u00e9 que 88\u00a0%<sup>1<\/sup>\u00a0des m\u00e9nages poss\u00e8dent un\u00a0dispositif susceptible d\u2019entra\u00eener\u00a0un empoisonnement au CO dont\u00a0:<\/p>\n<ul>\n<li>Un appareil de chauffage;<\/li>\n<li>Un foyer;<\/li>\n<li>Un appareil de chauffage d\u2019appoint;<\/li>\n<li>Un chauffe-eau \u00e0 gaz;<\/li>\n<li>Une cuisini\u00e8re \u00e0 gaz;<\/li>\n<li>Une s\u00e9cheuse \u00e0 gaz;<\/li>\n<li>Une g\u00e9n\u00e9ratrice portative;<\/li>\n<li>Un barbecue.<\/li>\n<\/ul>\n<p>L\u2019empoisonnement au CO peut causer de la somnolence, des naus\u00e9es, une perte de conscience et la mort.<\/p>\n<h3>Placer les d\u00e9tecteurs strat\u00e9giquement\u00a0:<\/h3>\n<ul>\n<li>Pr\u00e8s des chambres;<\/li>\n<li>Sur chaque \u00e9tage &#8211; surtout si votre appareil de chauffage est au sous-sol;<\/li>\n<li>Si vous avez une s\u00e9cheuse \u00e0 gaz, placez un d\u00e9tecteur dans votre salle de lavage;<\/li>\n<li>Dans le garage.<\/li>\n<\/ul>\n<p>[\/vc_column_text][vc_column_text]<\/p>\n<h3>Un d\u00e9tecteur t\u00e9l\u00e9surveill\u00e9 est votre meilleure arme<\/h3>\n<p>Les d\u00e9tecteurs de CO t\u00e9l\u00e9surveill\u00e9s de D. \u00c9lectronique Protection Inc. contribuent \u00e0 la paix d\u2019esprit. Avec un d\u00e9tecteur de CO t\u00e9l\u00e9surveill\u00e9, vous profiterez d\u2019une protection accrue lorsqu\u2019ils ne peuvent r\u00e9agir en cas d\u2019alarme, notamment lorsqu\u2019ils dorment, lorsqu\u2019ils sont absents ou lorsqu\u2019ils sont accabl\u00e9s par le CO.<\/p>\n<p>Vous pouvez b\u00e9n\u00e9ficier de :<\/p>\n<ul>\n<li>Centres de t\u00e9l\u00e9surveillance GardaWorld certifi\u00e9s ULC qui vous prot\u00e8gent 24 heures sur 24, 7 jours sur 7;<\/li>\n<li>Notifications rapides &#8211; Si votre d\u00e9tecteur de CO se d\u00e9clenche dans votre maison, nous communiquerons avec vous pour vous aviser d\u2019\u00e9vacuer la maison;<\/li>\n<li>Contacts d\u2019urgence et d\u2019interventions. Si votre maison ou votre famille est en danger, ou si vous ne r\u00e9pondez pas aux appels du Central de surveillance GardaWorld, les services d\u2019urgence seront alert\u00e9s.<\/li>\n<\/ul>\n<p>[\/vc_column_text][vc_column_text]<\/p>\n<h3>Commercial<\/h3>\n<p>Chez D. \u00c9lectronique Protection Inc., nous offrons l\u2019Inspection annuelle selon les normes UCL-S-536, et la v\u00e9rification initiale de la norme ULC- S- 537. Tout ce que vous pensez avoir besoin pour offrir la protection incendie \u00e0 votre commerce ou votre industrie, nous l\u2019offrons. <a href=\"https:\/\/www.desmaraisprotection.com\/index.php\/contact\/\">Contactez notre conseiller qui saura vous aiguiller.<\/a>[\/vc_column_text][vc_row_inner][vc_column_inner offset= &raquo;vc_hidden-lg vc_hidden-md &raquo;][vc_column_text]<strong>R\u00e9seau Avertisseur Incendie<\/strong><\/p>\n<p style=\"text-align: right;\"><em>EDWARDS, MIRCOM, NOTIFIER, POTTER, etc.<\/em><\/p>\n<p><strong>Communication Phonique<\/strong><\/p>\n<p style=\"text-align: right;\"><em>EDWARDS, MIRCOM, etc.<\/em><\/p>\n<p><strong>\u00c9clairage d&rsquo;Urgence<\/strong><\/p>\n<p style=\"text-align: right;\"><em>MIRCOM, EMERGILITE, etc.<\/em><\/p>\n<p><strong>Panneaux indicateurs de sortie<\/strong><\/p>\n<p><strong>D\u00e9tection de gaz (CO, NO2, etc.)<\/strong><\/p>\n<p style=\"text-align: right;\"><em>HONEYWELL, VULCAIN, etc.<\/em><\/p>\n<p><strong>Inspections Annuelles<\/strong><\/p>\n<p style=\"text-align: right;\"><em>NORME ULC S-536<\/em><\/p>\n<p><strong>V\u00e9rification initiale<\/strong><\/p>\n<p style=\"text-align: right;\"><em>NORME ULC S-537<\/em><\/p>\n<p>[\/vc_column_text][\/vc_column_inner][\/vc_row_inner][doors_empty_spaces height_mobile= &raquo;20&Prime; height_tablet= &raquo;25&Prime; height_desktop= &raquo;40&Prime;][\/vc_column][\/vc_row]<\/p>\n","protected":false},"excerpt":{"rendered":"<p>[vc_row][vc_column width= &raquo;3\/12&Prime; el_class= &raquo;Text-white &raquo; css= &raquo;.vc_custom_1501246904696{background-color: #005595 !important;} &raquo; offset= &raquo;vc_hidden-sm vc_hidden-xs &raquo;][vc_wp_custommenu title= &raquo;Nos Services et Produits &raquo; nav_menu= &raquo;18&Prime;][\/vc_column][vc_column width= &raquo;9\/12&Prime; css= &raquo;.vc_custom_1501260347226{padding-top: 10px !important;padding-right: 20px !important;padding-bottom: 10px !important;padding-left: 20px !important;} &raquo; el_class= &raquo;mobile-text &raquo;][rev_slider_vc alias= &raquo;incendie &raquo;][vc_column_text]Notre service de protection incendie permet de sauver des vies. Reli\u00e9 au central d\u2019alarme [&hellip;]<\/p>\n","protected":false},"author":1,"featured_media":0,"parent":5,"menu_order":3,"comment_status":"closed","ping_status":"closed","template":"","meta":[],"yoast_head":"<!-- This site is optimized with the Yoast SEO plugin v17.1 - https:\/\/yoast.com\/wordpress\/plugins\/seo\/ -->\n<title>Incendie - Desmarais Protection \u00c9lectronique<\/title>\n<meta name=\"robots\" content=\"index, follow, max-snippet:-1, max-image-preview:large, max-video-preview:-1\" \/>\n<link rel=\"canonical\" href=\"https:\/\/desmaraisprotection.com\/index.php\/services-et-produits\/incendie\/\" \/>\n<meta property=\"og:locale\" content=\"fr_CA\" \/>\n<meta property=\"og:type\" content=\"article\" \/>\n<meta property=\"og:title\" content=\"Incendie - Desmarais Protection \u00c9lectronique\" \/>\n<meta property=\"og:description\" content=\"[vc_row][vc_column width= &raquo;3\/12&Prime; el_class= &raquo;Text-white &raquo; css= &raquo;.vc_custom_1501246904696{background-color: #005595 !important;} &raquo; offset= &raquo;vc_hidden-sm vc_hidden-xs &raquo;][vc_wp_custommenu title= &raquo;Nos Services et Produits &raquo; nav_menu= &raquo;18&Prime;][\/vc_column][vc_column width= &raquo;9\/12&Prime; css= &raquo;.vc_custom_1501260347226{padding-top: 10px !important;padding-right: 20px !important;padding-bottom: 10px !important;padding-left: 20px !important;} &raquo; el_class= &raquo;mobile-text &raquo;][rev_slider_vc alias= &raquo;incendie &raquo;][vc_column_text]Notre service de protection incendie permet de sauver des vies. Reli\u00e9 au central d\u2019alarme [&hellip;]\" \/>\n<meta property=\"og:url\" content=\"https:\/\/desmaraisprotection.com\/index.php\/services-et-produits\/incendie\/\" \/>\n<meta property=\"og:site_name\" content=\"Desmarais Protection \u00c9lectronique\" \/>\n<meta property=\"article:modified_time\" content=\"2023-06-06T12:49:43+00:00\" \/>\n<meta name=\"twitter:card\" content=\"summary_large_image\" \/>\n<meta name=\"twitter:label1\" content=\"Estimation du temps de lecture\" \/>\n\t<meta name=\"twitter:data1\" content=\"3 minutes\" \/>\n<script type=\"application\/ld+json\" class=\"yoast-schema-graph\">{\"@context\":\"https:\/\/schema.org\",\"@graph\":[{\"@type\":\"WebSite\",\"@id\":\"https:\/\/desmaraisprotection.com\/#website\",\"url\":\"https:\/\/desmaraisprotection.com\/\",\"name\":\"Desmarais Protection \\u00c9lectronique\",\"description\":\"\",\"potentialAction\":[{\"@type\":\"SearchAction\",\"target\":{\"@type\":\"EntryPoint\",\"urlTemplate\":\"https:\/\/desmaraisprotection.com\/?s={search_term_string}\"},\"query-input\":\"required name=search_term_string\"}],\"inLanguage\":\"fr-CA\"},{\"@type\":\"WebPage\",\"@id\":\"https:\/\/desmaraisprotection.com\/index.php\/services-et-produits\/incendie\/#webpage\",\"url\":\"https:\/\/desmaraisprotection.com\/index.php\/services-et-produits\/incendie\/\",\"name\":\"Incendie - Desmarais Protection \\u00c9lectronique\",\"isPartOf\":{\"@id\":\"https:\/\/desmaraisprotection.com\/#website\"},\"datePublished\":\"2017-07-25T17:49:43+00:00\",\"dateModified\":\"2023-06-06T12:49:43+00:00\",\"breadcrumb\":{\"@id\":\"https:\/\/desmaraisprotection.com\/index.php\/services-et-produits\/incendie\/#breadcrumb\"},\"inLanguage\":\"fr-CA\",\"potentialAction\":[{\"@type\":\"ReadAction\",\"target\":[\"https:\/\/desmaraisprotection.com\/index.php\/services-et-produits\/incendie\/\"]}]},{\"@type\":\"BreadcrumbList\",\"@id\":\"https:\/\/desmaraisprotection.com\/index.php\/services-et-produits\/incendie\/#breadcrumb\",\"itemListElement\":[{\"@type\":\"ListItem\",\"position\":1,\"name\":\"Accueil\",\"item\":\"https:\/\/www.desmaraisprotection.com\/\"},{\"@type\":\"ListItem\",\"position\":2,\"name\":\"Services et Produits\",\"item\":\"https:\/\/desmaraisprotection.com\/index.php\/services-et-produits\/\"},{\"@type\":\"ListItem\",\"position\":3,\"name\":\"Incendie\"}]}]}<\/script>\n<!-- \/ Yoast SEO plugin. -->","yoast_head_json":{"title":"Incendie - Desmarais Protection \u00c9lectronique","robots":{"index":"index","follow":"follow","max-snippet":"max-snippet:-1","max-image-preview":"max-image-preview:large","max-video-preview":"max-video-preview:-1"},"canonical":"https:\/\/desmaraisprotection.com\/index.php\/services-et-produits\/incendie\/","og_locale":"fr_CA","og_type":"article","og_title":"Incendie - Desmarais Protection \u00c9lectronique","og_description":"[vc_row][vc_column width= &raquo;3\/12&Prime; el_class= &raquo;Text-white &raquo; css= &raquo;.vc_custom_1501246904696{background-color: #005595 !important;} &raquo; offset= &raquo;vc_hidden-sm vc_hidden-xs &raquo;][vc_wp_custommenu title= &raquo;Nos Services et Produits &raquo; nav_menu= &raquo;18&Prime;][\/vc_column][vc_column width= &raquo;9\/12&Prime; css= &raquo;.vc_custom_1501260347226{padding-top: 10px !important;padding-right: 20px !important;padding-bottom: 10px !important;padding-left: 20px !important;} &raquo; el_class= &raquo;mobile-text &raquo;][rev_slider_vc alias= &raquo;incendie &raquo;][vc_column_text]Notre service de protection incendie permet de sauver des vies. Reli\u00e9 au central d\u2019alarme [&hellip;]","og_url":"https:\/\/desmaraisprotection.com\/index.php\/services-et-produits\/incendie\/","og_site_name":"Desmarais Protection \u00c9lectronique","article_modified_time":"2023-06-06T12:49:43+00:00","twitter_card":"summary_large_image","twitter_misc":{"Estimation du temps de lecture":"3 minutes"},"schema":{"@context":"https:\/\/schema.org","@graph":[{"@type":"WebSite","@id":"https:\/\/desmaraisprotection.com\/#website","url":"https:\/\/desmaraisprotection.com\/","name":"Desmarais Protection \u00c9lectronique","description":"","potentialAction":[{"@type":"SearchAction","target":{"@type":"EntryPoint","urlTemplate":"https:\/\/desmaraisprotection.com\/?s={search_term_string}"},"query-input":"required name=search_term_string"}],"inLanguage":"fr-CA"},{"@type":"WebPage","@id":"https:\/\/desmaraisprotection.com\/index.php\/services-et-produits\/incendie\/#webpage","url":"https:\/\/desmaraisprotection.com\/index.php\/services-et-produits\/incendie\/","name":"Incendie - Desmarais Protection \u00c9lectronique","isPartOf":{"@id":"https:\/\/desmaraisprotection.com\/#website"},"datePublished":"2017-07-25T17:49:43+00:00","dateModified":"2023-06-06T12:49:43+00:00","breadcrumb":{"@id":"https:\/\/desmaraisprotection.com\/index.php\/services-et-produits\/incendie\/#breadcrumb"},"inLanguage":"fr-CA","potentialAction":[{"@type":"ReadAction","target":["https:\/\/desmaraisprotection.com\/index.php\/services-et-produits\/incendie\/"]}]},{"@type":"BreadcrumbList","@id":"https:\/\/desmaraisprotection.com\/index.php\/services-et-produits\/incendie\/#breadcrumb","itemListElement":[{"@type":"ListItem","position":1,"name":"Accueil","item":"https:\/\/www.desmaraisprotection.com\/"},{"@type":"ListItem","position":2,"name":"Services et Produits","item":"https:\/\/desmaraisprotection.com\/index.php\/services-et-produits\/"},{"@type":"ListItem","position":3,"name":"Incendie"}]}]}},"_links":{"self":[{"href":"https:\/\/desmaraisprotection.com\/index.php\/wp-json\/wp\/v2\/pages\/2819"}],"collection":[{"href":"https:\/\/desmaraisprotection.com\/index.php\/wp-json\/wp\/v2\/pages"}],"about":[{"href":"https:\/\/desmaraisprotection.com\/index.php\/wp-json\/wp\/v2\/types\/page"}],"author":[{"embeddable":true,"href":"https:\/\/desmaraisprotection.com\/index.php\/wp-json\/wp\/v2\/users\/1"}],"replies":[{"embeddable":true,"href":"https:\/\/desmaraisprotection.com\/index.php\/wp-json\/wp\/v2\/comments?post=2819"}],"version-history":[{"count":27,"href":"https:\/\/desmaraisprotection.com\/index.php\/wp-json\/wp\/v2\/pages\/2819\/revisions"}],"predecessor-version":[{"id":3743,"href":"https:\/\/desmaraisprotection.com\/index.php\/wp-json\/wp\/v2\/pages\/2819\/revisions\/3743"}],"up":[{"embeddable":true,"href":"https:\/\/desmaraisprotection.com\/index.php\/wp-json\/wp\/v2\/pages\/5"}],"wp:attachment":[{"href":"https:\/\/desmaraisprotection.com\/index.php\/wp-json\/wp\/v2\/media?parent=2819"}],"curies":[{"name":"wp","href":"https:\/\/api.w.org\/{rel}","templated":true}]}}