{"id":2817,"date":"2017-07-25T13:48:41","date_gmt":"2017-07-25T17:48:41","guid":{"rendered":"http:\/\/www.desmaraisprotection.com\/?page_id=2817"},"modified":"2023-06-06T07:59:11","modified_gmt":"2023-06-06T11:59:11","slug":"systeme-dalarme","status":"publish","type":"page","link":"https:\/\/desmaraisprotection.com\/index.php\/services-et-produits\/systeme-dalarme\/","title":{"rendered":"Syst\u00e8me d&rsquo;alarme"},"content":{"rendered":"<p>[vc_row][vc_column width= &raquo;3\/12&Prime; css= &raquo;.vc_custom_1501192497971{background-color: #005595 !important;} &raquo; el_class= &raquo;Text-white &raquo; offset= &raquo;vc_hidden-sm vc_hidden-xs &raquo;][vc_wp_custommenu title= &raquo;Nos Services et Produits &raquo; nav_menu= &raquo;18&Prime;][\/vc_column][vc_column width= &raquo;9\/12&Prime; css= &raquo;.vc_custom_1501170809347{padding-top: 10px !important;padding-right: 20px !important;padding-bottom: 10px !important;padding-left: 20px !important;} &raquo;][vc_wp_text][\/vc_wp_text][vc_wp_text][\/vc_wp_text][vc_wp_text][\/vc_wp_text][rev_slider_vc alias= &raquo;systemealarme &raquo;][vc_column_text]Chez D. \u00c9lectronique Protection Inc., nous sommes des <a href=\"https:\/\/www.desmaraisprotection.com\/index.php\/2019\/05\/02\/un-travail-dinterconnexion-pour-proteger-les-poules\/\" target=\"_blank\" rel=\"noopener noreferrer\">int\u00e9grateurs de service de s\u00e9curit\u00e9<\/a>. Notre service de syst\u00e8me d\u2019alarme s\u2019adresse \u00e0 tous; que ce soit pour prot\u00e9ger votre r\u00e9sidence, votre commerce ou vos installations agricoles, nous sommes en mesure de vous offrir une solution r\u00e9pondant \u00e0 vos besoins de protection.<\/p>\n<p>Nous proposons des solutions intelligentes adapt\u00e9es \u00e0 vos besoins.[\/vc_column_text][vc_column_text]<\/p>\n<h3>D\u00e9tection intrusion<\/h3>\n<p>Nous utilisons une vari\u00e9t\u00e9 de produits comme les syst\u00e8mes d\u2019alarme anti-intrusion, le central d\u2019alarme GardaWorld, et tout genre de d\u00e9tection. <a href=\"https:\/\/www.desmaraisprotection.com\/index.php\/contact\/\">Mettez-nous au d\u00e9fi de r\u00e9pondre \u00e0 toutes vos demandes!<\/a><\/p>\n<p>Au-del\u00e0 d\u2019un vol et d\u2019une perte de biens ayant une valeur sentimentale, une intrusion domiciliaire laisse toujours un sentiment de violation.<\/p>\n<p>Les centres de t\u00e9l\u00e9surveillance GardaWorld, notre partenaire, sont \u00e0 la fine pointe de la technologie et surveillent votre r\u00e9sidence 24 heures sur 24, et sont pr\u00eats \u00e0 intervenir si l\u2019alarme se d\u00e9clenche.<\/p>\n<p>De nos jours, une pr\u00e9sence \u00e0 la maison n\u2019est plus un moyen de dissuasion contre le vol. D. \u00c9lectronique Protection Inc. vous accompagne donc, en tout temps!<\/p>\n<p>Le service de t\u00e9l\u00e9surveillance des intrusions est inclus dans tous nos forfaits.[\/vc_column_text][vc_column_text]<\/p>\n<h3>Niveau d\u2019eau<\/h3>\n<p>Soyez pr\u00e9venu des risques d\u2019inondation, et r\u00e9duisez ou pr\u00e9venez les dommages caus\u00e9s par l\u2019eau en faisant appel \u00e0 notre \u00e9quipe sp\u00e9cialis\u00e9e chez D. \u00c9lectronique Protection Inc.<\/p>\n<p>Id\u00e9al pour les r\u00e9sidents en bordure d\u2019un cour d\u2019eau, les copropri\u00e9t\u00e9s de condos ou simplement pour \u00eatre averti d\u00e8s qu\u2019un \u00e9lectrom\u00e9nager ne fonctionne plus, qu&rsquo;un tuyau est gel\u00e9 ou perfor\u00e9 ou qu&rsquo;une pompe de puisard est endommag\u00e9e.<\/p>\n<p>Nos solutions utilisent des dispositifs de surveillance de situations critiques qui poss\u00e8dent la flexibilit\u00e9 n\u00e9cessaire pour surveiller autant la temp\u00e9rature, l&rsquo;humidit\u00e9\u0301 ou l&rsquo;eau dans un ou plusieurs environnements critiques.<\/p>\n<p><a href=\"https:\/\/www.desmaraisprotection.com\/index.php\/2019\/06\/18\/un-nouveau-chez-soi-ou-il-fait-bon-vivre-en-toute-securite\/\" target=\"_blank\" rel=\"noopener noreferrer\"><em>Voyez comment le Ch\u00e2teau Langelier utilise le service de niveau d&rsquo;eau pour pr\u00e9venir les d\u00e9g\u00e2ts.<\/em><\/a>[\/vc_column_text][vc_column_text]<\/p>\n<h3>Les PLUS!<\/h3>\n<p>Les solutions intelligentes nous permettent aujourd\u2019hui d\u2019en faire encore plus! Comme par exemple, lorsque vous arrivez dans votre p\u00e9rim\u00e8tre, non seulement le mode confort s\u2019active, mais le syst\u00e8me de s\u00e9curit\u00e9 se d\u00e9sarme, et la porte de votre garage s\u2019ouvre. Puis, d\u00e9verrouillez votre porte d\u2019entr\u00e9e \u00e0 l\u2019aide de votre puce ou de la reconnaissance oculaire. Contr\u00f4lez ainsi les acc\u00e8s \u00e0 votre propri\u00e9t\u00e9.<\/p>\n<p><a href=\"https:\/\/www.desmaraisprotection.com\/index.php\/2019\/05\/02\/un-travail-dinterconnexion-pour-proteger-les-poules\/\" target=\"_blank\" rel=\"noopener noreferrer\"><em>Voyez comment nous travaillons en interconnexion avec la Ferme Saint-Ours pour prot\u00e9ger leurs poules!<\/em><\/a><\/p>\n<p><em>Le Central de surveillance GardaWorld, auquel nous sommes affili\u00e9, est reconnu par Les Laboratoires des assureurs du Canada (ULC). GardaWorld exploite des centres de t\u00e9l\u00e9surveillance homologu\u00e9s ULC qui se conforme aux normes nationales strictes concernant l\u2019installation de syst\u00e8mes de s\u00e9curit\u00e9 et le traitement des alarmes.<\/em>[\/vc_column_text][vc_row_inner][vc_column_inner offset= &raquo;vc_hidden-lg vc_hidden-md &raquo;][vc_column_text el_class= &raquo;mobile-text &raquo;]<strong>D\u00e9tection intrusion<\/strong><\/p>\n<p style=\"text-align: right;\"><em>DSC, HONEYWELL, PARADOX, etc.<\/em><\/p>\n<p><strong>Niveau d&rsquo;eau<\/strong><\/p>\n<p style=\"text-align: right;\"><em>HONNEYWELL, WINLAND, AMSECO, etc.<\/em><\/p>\n<p><strong>Temp\u00e9rature<\/strong><\/p>\n<p style=\"text-align: right;\"><em>HONNEYWELL, WINLAND, etc.<\/em><\/p>\n<p><strong>Protection P\u00e9rim\u00e8tre Ext\u00e9rieur<\/strong><\/p>\n<p style=\"text-align: right;\"><em>BOSCH, OPEX, etc.<\/em><\/p>\n<p><strong>Inspections Annuelles<\/strong>[\/vc_column_text][\/vc_column_inner][\/vc_row_inner][doors_empty_spaces height_mobile= &raquo;20&Prime; height_tablet= &raquo;25&Prime; height_desktop= &raquo;40&Prime;][\/vc_column][\/vc_row]<\/p>\n","protected":false},"excerpt":{"rendered":"<p>[vc_row][vc_column width= &raquo;3\/12&Prime; css= &raquo;.vc_custom_1501192497971{background-color: #005595 !important;} &raquo; el_class= &raquo;Text-white &raquo; offset= &raquo;vc_hidden-sm vc_hidden-xs &raquo;][vc_wp_custommenu title= &raquo;Nos Services et Produits &raquo; nav_menu= &raquo;18&Prime;][\/vc_column][vc_column width= &raquo;9\/12&Prime; css= &raquo;.vc_custom_1501170809347{padding-top: 10px !important;padding-right: 20px !important;padding-bottom: 10px !important;padding-left: 20px !important;} &raquo;][vc_wp_text][\/vc_wp_text][vc_wp_text][\/vc_wp_text][vc_wp_text][\/vc_wp_text][rev_slider_vc alias= &raquo;systemealarme &raquo;][vc_column_text]Chez D. \u00c9lectronique Protection Inc., nous sommes des int\u00e9grateurs de service de s\u00e9curit\u00e9. Notre service de syst\u00e8me [&hellip;]<\/p>\n","protected":false},"author":1,"featured_media":0,"parent":5,"menu_order":1,"comment_status":"closed","ping_status":"closed","template":"","meta":[],"yoast_head":"<!-- This site is optimized with the Yoast SEO plugin v17.1 - https:\/\/yoast.com\/wordpress\/plugins\/seo\/ -->\n<title>Syst\u00e8me d&#039;alarme - Desmarais Protection \u00c9lectronique<\/title>\n<meta name=\"robots\" content=\"index, follow, max-snippet:-1, max-image-preview:large, max-video-preview:-1\" \/>\n<link rel=\"canonical\" href=\"https:\/\/desmaraisprotection.com\/index.php\/services-et-produits\/systeme-dalarme\/\" \/>\n<meta property=\"og:locale\" content=\"fr_CA\" \/>\n<meta property=\"og:type\" content=\"article\" \/>\n<meta property=\"og:title\" content=\"Syst\u00e8me d&#039;alarme - Desmarais Protection \u00c9lectronique\" \/>\n<meta property=\"og:description\" content=\"[vc_row][vc_column width= &raquo;3\/12&Prime; css= &raquo;.vc_custom_1501192497971{background-color: #005595 !important;} &raquo; el_class= &raquo;Text-white &raquo; offset= &raquo;vc_hidden-sm vc_hidden-xs &raquo;][vc_wp_custommenu title= &raquo;Nos Services et Produits &raquo; nav_menu= &raquo;18&Prime;][\/vc_column][vc_column width= &raquo;9\/12&Prime; css= &raquo;.vc_custom_1501170809347{padding-top: 10px !important;padding-right: 20px !important;padding-bottom: 10px !important;padding-left: 20px !important;} &raquo;][vc_wp_text][\/vc_wp_text][vc_wp_text][\/vc_wp_text][vc_wp_text][\/vc_wp_text][rev_slider_vc alias= &raquo;systemealarme &raquo;][vc_column_text]Chez D. \u00c9lectronique Protection Inc., nous sommes des int\u00e9grateurs de service de s\u00e9curit\u00e9. Notre service de syst\u00e8me [&hellip;]\" \/>\n<meta property=\"og:url\" content=\"https:\/\/desmaraisprotection.com\/index.php\/services-et-produits\/systeme-dalarme\/\" \/>\n<meta property=\"og:site_name\" content=\"Desmarais Protection \u00c9lectronique\" \/>\n<meta property=\"article:modified_time\" content=\"2023-06-06T11:59:11+00:00\" \/>\n<meta name=\"twitter:card\" content=\"summary_large_image\" \/>\n<meta name=\"twitter:label1\" content=\"Estimation du temps de lecture\" \/>\n\t<meta name=\"twitter:data1\" content=\"3 minutes\" \/>\n<script type=\"application\/ld+json\" class=\"yoast-schema-graph\">{\"@context\":\"https:\/\/schema.org\",\"@graph\":[{\"@type\":\"WebSite\",\"@id\":\"https:\/\/desmaraisprotection.com\/#website\",\"url\":\"https:\/\/desmaraisprotection.com\/\",\"name\":\"Desmarais Protection \\u00c9lectronique\",\"description\":\"\",\"potentialAction\":[{\"@type\":\"SearchAction\",\"target\":{\"@type\":\"EntryPoint\",\"urlTemplate\":\"https:\/\/desmaraisprotection.com\/?s={search_term_string}\"},\"query-input\":\"required name=search_term_string\"}],\"inLanguage\":\"fr-CA\"},{\"@type\":\"WebPage\",\"@id\":\"https:\/\/desmaraisprotection.com\/index.php\/services-et-produits\/systeme-dalarme\/#webpage\",\"url\":\"https:\/\/desmaraisprotection.com\/index.php\/services-et-produits\/systeme-dalarme\/\",\"name\":\"Syst\\u00e8me d'alarme - Desmarais Protection \\u00c9lectronique\",\"isPartOf\":{\"@id\":\"https:\/\/desmaraisprotection.com\/#website\"},\"datePublished\":\"2017-07-25T17:48:41+00:00\",\"dateModified\":\"2023-06-06T11:59:11+00:00\",\"breadcrumb\":{\"@id\":\"https:\/\/desmaraisprotection.com\/index.php\/services-et-produits\/systeme-dalarme\/#breadcrumb\"},\"inLanguage\":\"fr-CA\",\"potentialAction\":[{\"@type\":\"ReadAction\",\"target\":[\"https:\/\/desmaraisprotection.com\/index.php\/services-et-produits\/systeme-dalarme\/\"]}]},{\"@type\":\"BreadcrumbList\",\"@id\":\"https:\/\/desmaraisprotection.com\/index.php\/services-et-produits\/systeme-dalarme\/#breadcrumb\",\"itemListElement\":[{\"@type\":\"ListItem\",\"position\":1,\"name\":\"Accueil\",\"item\":\"https:\/\/www.desmaraisprotection.com\/\"},{\"@type\":\"ListItem\",\"position\":2,\"name\":\"Services et Produits\",\"item\":\"https:\/\/desmaraisprotection.com\/index.php\/services-et-produits\/\"},{\"@type\":\"ListItem\",\"position\":3,\"name\":\"Syst\\u00e8me d&rsquo;alarme\"}]}]}<\/script>\n<!-- \/ Yoast SEO plugin. -->","yoast_head_json":{"title":"Syst\u00e8me d'alarme - Desmarais Protection \u00c9lectronique","robots":{"index":"index","follow":"follow","max-snippet":"max-snippet:-1","max-image-preview":"max-image-preview:large","max-video-preview":"max-video-preview:-1"},"canonical":"https:\/\/desmaraisprotection.com\/index.php\/services-et-produits\/systeme-dalarme\/","og_locale":"fr_CA","og_type":"article","og_title":"Syst\u00e8me d'alarme - Desmarais Protection \u00c9lectronique","og_description":"[vc_row][vc_column width= &raquo;3\/12&Prime; css= &raquo;.vc_custom_1501192497971{background-color: #005595 !important;} &raquo; el_class= &raquo;Text-white &raquo; offset= &raquo;vc_hidden-sm vc_hidden-xs &raquo;][vc_wp_custommenu title= &raquo;Nos Services et Produits &raquo; nav_menu= &raquo;18&Prime;][\/vc_column][vc_column width= &raquo;9\/12&Prime; css= &raquo;.vc_custom_1501170809347{padding-top: 10px !important;padding-right: 20px !important;padding-bottom: 10px !important;padding-left: 20px !important;} &raquo;][vc_wp_text][\/vc_wp_text][vc_wp_text][\/vc_wp_text][vc_wp_text][\/vc_wp_text][rev_slider_vc alias= &raquo;systemealarme &raquo;][vc_column_text]Chez D. \u00c9lectronique Protection Inc., nous sommes des int\u00e9grateurs de service de s\u00e9curit\u00e9. Notre service de syst\u00e8me [&hellip;]","og_url":"https:\/\/desmaraisprotection.com\/index.php\/services-et-produits\/systeme-dalarme\/","og_site_name":"Desmarais Protection \u00c9lectronique","article_modified_time":"2023-06-06T11:59:11+00:00","twitter_card":"summary_large_image","twitter_misc":{"Estimation du temps de lecture":"3 minutes"},"schema":{"@context":"https:\/\/schema.org","@graph":[{"@type":"WebSite","@id":"https:\/\/desmaraisprotection.com\/#website","url":"https:\/\/desmaraisprotection.com\/","name":"Desmarais Protection \u00c9lectronique","description":"","potentialAction":[{"@type":"SearchAction","target":{"@type":"EntryPoint","urlTemplate":"https:\/\/desmaraisprotection.com\/?s={search_term_string}"},"query-input":"required name=search_term_string"}],"inLanguage":"fr-CA"},{"@type":"WebPage","@id":"https:\/\/desmaraisprotection.com\/index.php\/services-et-produits\/systeme-dalarme\/#webpage","url":"https:\/\/desmaraisprotection.com\/index.php\/services-et-produits\/systeme-dalarme\/","name":"Syst\u00e8me d'alarme - Desmarais Protection \u00c9lectronique","isPartOf":{"@id":"https:\/\/desmaraisprotection.com\/#website"},"datePublished":"2017-07-25T17:48:41+00:00","dateModified":"2023-06-06T11:59:11+00:00","breadcrumb":{"@id":"https:\/\/desmaraisprotection.com\/index.php\/services-et-produits\/systeme-dalarme\/#breadcrumb"},"inLanguage":"fr-CA","potentialAction":[{"@type":"ReadAction","target":["https:\/\/desmaraisprotection.com\/index.php\/services-et-produits\/systeme-dalarme\/"]}]},{"@type":"BreadcrumbList","@id":"https:\/\/desmaraisprotection.com\/index.php\/services-et-produits\/systeme-dalarme\/#breadcrumb","itemListElement":[{"@type":"ListItem","position":1,"name":"Accueil","item":"https:\/\/www.desmaraisprotection.com\/"},{"@type":"ListItem","position":2,"name":"Services et Produits","item":"https:\/\/desmaraisprotection.com\/index.php\/services-et-produits\/"},{"@type":"ListItem","position":3,"name":"Syst\u00e8me d&rsquo;alarme"}]}]}},"_links":{"self":[{"href":"https:\/\/desmaraisprotection.com\/index.php\/wp-json\/wp\/v2\/pages\/2817"}],"collection":[{"href":"https:\/\/desmaraisprotection.com\/index.php\/wp-json\/wp\/v2\/pages"}],"about":[{"href":"https:\/\/desmaraisprotection.com\/index.php\/wp-json\/wp\/v2\/types\/page"}],"author":[{"embeddable":true,"href":"https:\/\/desmaraisprotection.com\/index.php\/wp-json\/wp\/v2\/users\/1"}],"replies":[{"embeddable":true,"href":"https:\/\/desmaraisprotection.com\/index.php\/wp-json\/wp\/v2\/comments?post=2817"}],"version-history":[{"count":30,"href":"https:\/\/desmaraisprotection.com\/index.php\/wp-json\/wp\/v2\/pages\/2817\/revisions"}],"predecessor-version":[{"id":3741,"href":"https:\/\/desmaraisprotection.com\/index.php\/wp-json\/wp\/v2\/pages\/2817\/revisions\/3741"}],"up":[{"embeddable":true,"href":"https:\/\/desmaraisprotection.com\/index.php\/wp-json\/wp\/v2\/pages\/5"}],"wp:attachment":[{"href":"https:\/\/desmaraisprotection.com\/index.php\/wp-json\/wp\/v2\/media?parent=2817"}],"curies":[{"name":"wp","href":"https:\/\/api.w.org\/{rel}","templated":true}]}}