{"id":2811,"date":"2017-07-25T13:35:55","date_gmt":"2017-07-25T17:35:55","guid":{"rendered":"http:\/\/www.desmaraisprotection.com\/?page_id=2811"},"modified":"2023-05-24T13:29:34","modified_gmt":"2023-05-24T17:29:34","slug":"domotique","status":"publish","type":"page","link":"https:\/\/desmaraisprotection.com\/index.php\/services-et-produits\/domotique\/","title":{"rendered":"Domotique"},"content":{"rendered":"<p>[vc_row][vc_column width= &raquo;3\/12&Prime; el_class= &raquo;Text-white &raquo; css= &raquo;.vc_custom_1501246784944{background-color: #005595 !important;} &raquo; offset= &raquo;vc_hidden-sm vc_hidden-xs &raquo;][vc_wp_custommenu title= &raquo;Nos Services et Produits &raquo; nav_menu= &raquo;18&Prime;][\/vc_column][vc_column width= &raquo;9\/12&Prime; css= &raquo;.vc_custom_1501260268851{padding-top: 10px !important;padding-right: 20px !important;padding-bottom: 10px !important;padding-left: 20px !important;} &raquo; el_class= &raquo;mobile-text &raquo;][rev_slider_vc alias= &raquo;domotique &raquo;][vc_column_text]Avec la domotique, nous utilisons les derni\u00e8res technologies offertes sur le march\u00e9 afin de centraliser et contr\u00f4ler l\u2019ensemble des syst\u00e8mes et sous-syst\u00e8mes utilis\u00e9s \u00e0 la maison comme en entreprise. En r\u00e9sum\u00e9, la domotique offerte chez D. \u00c9lectronique Protection Inc. permet de rendre votre maison ou votre commerce, en solution intelligente.[\/vc_column_text][vc_column_text]<\/p>\n<h3>Contr\u00f4le \u00e0 distance de l\u2019\u00e9clairage et des appareils \u00e9lectriques<\/h3>\n<p>La tranquillit\u00e9 d\u2019esprit c\u2019est aussi p\u00e9n\u00e9trer sans craintes dans une maison bien \u00e9clair\u00e9e!<\/p>\n<p>Gr\u00e2ce au contr\u00f4le de l\u2019\u00e9clairage \u00e0 distance, allumez les lumi\u00e8res de votre r\u00e9sidence bien avant votre arriv\u00e9e, pour vous sentir en s\u00e9curit\u00e9.<\/p>\n<p><strong>Avec le contr\u00f4le de l\u2019\u00e9clairage \u00e0 distance, vous pouvez aussi :<\/strong><\/p>\n<ul>\n<li>\u00c9conomisez de l\u2019\u00e9nergie! Allumez, \u00e9teignez ou tamisez les lumi\u00e8res \u00e0 distance et au besoin;<\/li>\n<li>Mettez en marche d\u2019autres petits appareils \u00e9lectriques \u00e0 distance;<\/li>\n<li>Mettez en marche vos appareils m\u00e9nagers \u00e0 l\u2019avance (par exemple\u00a0: une mijoteuse);<\/li>\n<li>Coordonnez l\u2019\u00e9clairage avec vos alarmes (par exemple, les lumi\u00e8res s\u2019allumeront automatiquement en cas d\u2019incendie).<\/li>\n<\/ul>\n<p><em>Nous utilisons les deux plates-formes leaders sur le march\u00e9; alarm.com et TotalConnect.<\/em>[\/vc_column_text][vc_column_text]<\/p>\n<h3>Serrure de porte interactive<\/h3>\n<p>La serrure de porte interactive de D. \u00c9lectronique Protection Inc. sert \u00e0 verrouiller et d\u00e9verrouiller la porte de votre r\u00e9sidence pour laisser les invit\u00e9s entrer chez vous, sans m\u00eame que vous ne soyez l\u00e0!<\/p>\n<p>Avec la serrure de porte interactive, plus besoin de cacher une cl\u00e9 ou d\u2019en remettre une \u00e0 un voisin! V\u00e9rifiez si vos portes sont verrouill\u00e9es ou d\u00e9verrouill\u00e9es \u00e0 partir de n\u2019importe quel appareil connect\u00e9 \u00e0 Internet, recevez des messages textes ou des alertes par courriel si une porte est verrouill\u00e9e ou d\u00e9verrouill\u00e9e, et soyez avis\u00e9 si une personne entre dans la maison ou en sort.<\/p>\n<p><strong>Avec la serrure de porte interactive, vous pouvez aussi :<\/strong><\/p>\n<ul>\n<li>D\u00e9verrouillez votre porte \u00e0 distance avant d\u2019arriver \u00e0 la maison;<\/li>\n<li>Verrouillez automatiquement la porte en armant votre syst\u00e8me;<\/li>\n<li>Permettez \u00e0 un invit\u00e9 d\u2019entrer dans votre r\u00e9sidence, m\u00eame pendant votre absence;<\/li>\n<li>Recevez une notification lorsqu\u2019une porte demeure ouverte ou est ferm\u00e9e.<\/li>\n<\/ul>\n<p>[\/vc_column_text][vc_column_text]<\/p>\n<h3>Sonnette sans fil avec cam\u00e9ra int\u00e9gr\u00e9e<\/h3>\n<p>Voyez qui sonne \u00e0 votre porte avec la sonnette sans fil \u00e0 cam\u00e9ra int\u00e9gr\u00e9e de D. \u00c9lectronique Protection Inc. Vous n\u2019avez qu\u2019\u00e0 consulter votre t\u00e9l\u00e9phone intelligent pour voir qui se pr\u00e9sente chez vous m\u00eame en votre absence.<\/p>\n<p>Lorsqu\u2019un visiteur appuie sur le bouton de la sonnette, le dispositif envoie une notification \u00e0 votre appareil mobile vous permettant de voir votre visiteur et de communiquer avec lui en direct, peu importe o\u00f9 vous \u00eates.<\/p>\n<p><strong>Gr\u00e2ce \u00e0 cette sonnette sans fil avec cam\u00e9ra int\u00e9gr\u00e9e vous pouvez aussi :\u00a0<\/strong><\/p>\n<ul>\n<li>Recevez une alerte lorsqu\u2019un visiteur sonne \u00e0 la porte;<\/li>\n<li>Parlez au visiteur par l\u2019entremise du haut-parleur int\u00e9gr\u00e9;<\/li>\n<li>Ressentez un sentiment de s\u00e9curit\u00e9 en sachant que vous pouvez voir une image couleur HD de vos visiteurs, et ce, m\u00eame la nuit;<\/li>\n<li>Enregistrez des clips vid\u00e9o lorsqu\u2019un visiteur sonne \u00e0 la porte;<\/li>\n<li>Recevez une alerte m\u00eame si le visiteur n\u2019utilise pas la sonnette gr\u00e2ce au d\u00e9tecteur de mouvement int\u00e9gr\u00e9;<\/li>\n<li>Activez la cam\u00e9ra \u00e0 tout moment pour voir ce qui se passe devant votre porte d\u2019entr\u00e9e \u00e0 l\u2019aide de l\u2019application;<\/li>\n<li>D\u00e9sactivez la cloche de la sonnette \u00e0 partir de l\u2019application pour \u00e9viter de r\u00e9veiller b\u00e9b\u00e9.<\/li>\n<\/ul>\n<p>[\/vc_column_text][vc_raw_html]JTNDaWZyYW1lJTIwc3JjJTNEJTIyaHR0cHMlM0ElMkYlMkZ3d3cueW91dHViZS5jb20lMkZlbWJlZCUyRkFfMHJkRHZiRks0JTNGcmVsJTNEMCUyMiUyMHdpZHRoJTNEJTIyNzIwJTIyJTIwaGVpZ2h0JTNEJTIyNTQwJTIyJTIwZnJhbWVib3JkZXIlM0QlMjIwJTIyJTNFJTNDJTJGaWZyYW1lJTNF[\/vc_raw_html][vc_column_text]<\/p>\n<h3>Ouvre-porte de garage interactif<\/h3>\n<p>Vous avez oubli\u00e9 de fermer la porte du garage? Pas de probl\u00e8me! Fermez-la \u00e0 distance.<\/p>\n<p>Gr\u00e2ce \u00e0 l\u2019ouvre-porte de garage interactif de D. \u00c9lectronique Protection Inc., vous n\u2019aurez plus \u00e0 vous soucier de votre porte de garage. Vous pourrez v\u00e9rifier si elle est ouverte et la fermer au besoin, de partout.<\/p>\n<p><strong>Avec l\u2019ouvre-porte de garage interactif, vous pouvez aussi :<\/strong><\/p>\n<ul>\n<li>Ouvrez et fermez votre porte de garage \u00e0 distance;<\/li>\n<li>R\u00e9glez votre syst\u00e8me pour que votre porte de garage se ferme automatiquement lorsque le syst\u00e8me est arm\u00e9;<\/li>\n<li>Recevez une notification d\u00e8s que votre porte de garage est ouverte.<\/li>\n<\/ul>\n<p>[\/vc_column_text][vc_column_text]<\/p>\n<h3>Contr\u00f4le du thermostat \u00e0 distance<\/h3>\n<p>La m\u00e9t\u00e9o fait des siennes? Pas de probl\u00e8me!<\/p>\n<p>Avec le service de contr\u00f4le du thermostat \u00e0 distance, ajustez la temp\u00e9rature qui assure votre confort, en tout temps, et de partout!<\/p>\n<p><strong>Avec le contr\u00f4le du thermostat \u00e0 distance, vous pouvez aussi :<\/strong><\/p>\n<ul>\n<li>R\u00e9glez la temp\u00e9rature \u00e0 distance, m\u00eame en votre absence;<\/li>\n<li>R\u00e9duisez votre consommation d\u2019\u00e9nergie et les co\u00fbts;<\/li>\n<li>Soyez avis\u00e9 de toutes fluctuations de la temp\u00e9rature et de toute d\u00e9faillance de l\u2019\u00e9quipement;<\/li>\n<li>R\u00e9glez votre syst\u00e8me pour \u00e9teindre le ventilateur de l\u2019appareil de chauffage en cas d\u2019incendie.<\/li>\n<\/ul>\n<p>[\/vc_column_text][vc_column_text]<\/p>\n<h3>Les PLUS!<\/h3>\n<ul>\n<li>Aucune ligne t\u00e9l\u00e9phonique n\u2019est requise;<\/li>\n<li>Solution abordable;<\/li>\n<li>Mode de communication fiable et s\u00e9curis\u00e9e;<\/li>\n<li>Installation rapide et facile.<\/li>\n<\/ul>\n<p>[\/vc_column_text][vc_row_inner][vc_column_inner offset= &raquo;vc_hidden-lg vc_hidden-md &raquo;][vc_column_text]<strong>R\u00e9gulation et Automatisation<\/strong><\/p>\n<p style=\"text-align: right;\"><em>HONEYWELL, PARADOX, ZWAVE, etc.<\/em><\/p>\n<p><strong>Armement \u00e0 distance<\/strong><\/p>\n<p style=\"text-align: right;\"><em>ALARM.COM, TOTAL CONNECT<\/em><\/p>\n<p><strong>Contr\u00f4le d&rsquo;appareils \u00e0 distance<\/strong><\/p>\n<p><strong>Visionnement de cam\u00e9ras \u00e0 distance<\/strong>[\/vc_column_text][\/vc_column_inner][\/vc_row_inner][doors_empty_spaces height_mobile= &raquo;20&Prime; height_tablet= &raquo;25&Prime; height_desktop= &raquo;40&Prime;][\/vc_column][\/vc_row]<\/p>\n","protected":false},"excerpt":{"rendered":"<p>[vc_row][vc_column width= &raquo;3\/12&Prime; el_class= &raquo;Text-white &raquo; css= &raquo;.vc_custom_1501246784944{background-color: #005595 !important;} &raquo; offset= &raquo;vc_hidden-sm vc_hidden-xs &raquo;][vc_wp_custommenu title= &raquo;Nos Services et Produits &raquo; nav_menu= &raquo;18&Prime;][\/vc_column][vc_column width= &raquo;9\/12&Prime; css= &raquo;.vc_custom_1501260268851{padding-top: 10px !important;padding-right: 20px !important;padding-bottom: 10px !important;padding-left: 20px !important;} &raquo; el_class= &raquo;mobile-text &raquo;][rev_slider_vc alias= &raquo;domotique &raquo;][vc_column_text]Avec la domotique, nous utilisons les derni\u00e8res technologies offertes sur le march\u00e9 afin de [&hellip;]<\/p>\n","protected":false},"author":1,"featured_media":0,"parent":5,"menu_order":2,"comment_status":"closed","ping_status":"closed","template":"","meta":[],"yoast_head":"<!-- This site is optimized with the Yoast SEO plugin v17.1 - https:\/\/yoast.com\/wordpress\/plugins\/seo\/ -->\n<title>Domotique - Desmarais Protection \u00c9lectronique<\/title>\n<meta name=\"robots\" content=\"index, follow, max-snippet:-1, max-image-preview:large, max-video-preview:-1\" \/>\n<link rel=\"canonical\" href=\"https:\/\/desmaraisprotection.com\/index.php\/services-et-produits\/domotique\/\" \/>\n<meta property=\"og:locale\" content=\"fr_CA\" \/>\n<meta property=\"og:type\" content=\"article\" \/>\n<meta property=\"og:title\" content=\"Domotique - Desmarais Protection \u00c9lectronique\" \/>\n<meta property=\"og:description\" content=\"[vc_row][vc_column width= &raquo;3\/12&Prime; el_class= &raquo;Text-white &raquo; css= &raquo;.vc_custom_1501246784944{background-color: #005595 !important;} &raquo; offset= &raquo;vc_hidden-sm vc_hidden-xs &raquo;][vc_wp_custommenu title= &raquo;Nos Services et Produits &raquo; nav_menu= &raquo;18&Prime;][\/vc_column][vc_column width= &raquo;9\/12&Prime; css= &raquo;.vc_custom_1501260268851{padding-top: 10px !important;padding-right: 20px !important;padding-bottom: 10px !important;padding-left: 20px !important;} &raquo; el_class= &raquo;mobile-text &raquo;][rev_slider_vc alias= &raquo;domotique &raquo;][vc_column_text]Avec la domotique, nous utilisons les derni\u00e8res technologies offertes sur le march\u00e9 afin de [&hellip;]\" \/>\n<meta property=\"og:url\" content=\"https:\/\/desmaraisprotection.com\/index.php\/services-et-produits\/domotique\/\" \/>\n<meta property=\"og:site_name\" content=\"Desmarais Protection \u00c9lectronique\" \/>\n<meta property=\"article:modified_time\" content=\"2023-05-24T17:29:34+00:00\" \/>\n<meta name=\"twitter:card\" content=\"summary_large_image\" \/>\n<meta name=\"twitter:label1\" content=\"Estimation du temps de lecture\" \/>\n\t<meta name=\"twitter:data1\" content=\"5 minutes\" \/>\n<script type=\"application\/ld+json\" class=\"yoast-schema-graph\">{\"@context\":\"https:\/\/schema.org\",\"@graph\":[{\"@type\":\"WebSite\",\"@id\":\"https:\/\/desmaraisprotection.com\/#website\",\"url\":\"https:\/\/desmaraisprotection.com\/\",\"name\":\"Desmarais Protection \\u00c9lectronique\",\"description\":\"\",\"potentialAction\":[{\"@type\":\"SearchAction\",\"target\":{\"@type\":\"EntryPoint\",\"urlTemplate\":\"https:\/\/desmaraisprotection.com\/?s={search_term_string}\"},\"query-input\":\"required name=search_term_string\"}],\"inLanguage\":\"fr-CA\"},{\"@type\":\"WebPage\",\"@id\":\"https:\/\/desmaraisprotection.com\/index.php\/services-et-produits\/domotique\/#webpage\",\"url\":\"https:\/\/desmaraisprotection.com\/index.php\/services-et-produits\/domotique\/\",\"name\":\"Domotique - Desmarais Protection \\u00c9lectronique\",\"isPartOf\":{\"@id\":\"https:\/\/desmaraisprotection.com\/#website\"},\"datePublished\":\"2017-07-25T17:35:55+00:00\",\"dateModified\":\"2023-05-24T17:29:34+00:00\",\"breadcrumb\":{\"@id\":\"https:\/\/desmaraisprotection.com\/index.php\/services-et-produits\/domotique\/#breadcrumb\"},\"inLanguage\":\"fr-CA\",\"potentialAction\":[{\"@type\":\"ReadAction\",\"target\":[\"https:\/\/desmaraisprotection.com\/index.php\/services-et-produits\/domotique\/\"]}]},{\"@type\":\"BreadcrumbList\",\"@id\":\"https:\/\/desmaraisprotection.com\/index.php\/services-et-produits\/domotique\/#breadcrumb\",\"itemListElement\":[{\"@type\":\"ListItem\",\"position\":1,\"name\":\"Accueil\",\"item\":\"https:\/\/www.desmaraisprotection.com\/\"},{\"@type\":\"ListItem\",\"position\":2,\"name\":\"Services et Produits\",\"item\":\"https:\/\/desmaraisprotection.com\/index.php\/services-et-produits\/\"},{\"@type\":\"ListItem\",\"position\":3,\"name\":\"Domotique\"}]}]}<\/script>\n<!-- \/ Yoast SEO plugin. -->","yoast_head_json":{"title":"Domotique - Desmarais Protection \u00c9lectronique","robots":{"index":"index","follow":"follow","max-snippet":"max-snippet:-1","max-image-preview":"max-image-preview:large","max-video-preview":"max-video-preview:-1"},"canonical":"https:\/\/desmaraisprotection.com\/index.php\/services-et-produits\/domotique\/","og_locale":"fr_CA","og_type":"article","og_title":"Domotique - Desmarais Protection \u00c9lectronique","og_description":"[vc_row][vc_column width= &raquo;3\/12&Prime; el_class= &raquo;Text-white &raquo; css= &raquo;.vc_custom_1501246784944{background-color: #005595 !important;} &raquo; offset= &raquo;vc_hidden-sm vc_hidden-xs &raquo;][vc_wp_custommenu title= &raquo;Nos Services et Produits &raquo; nav_menu= &raquo;18&Prime;][\/vc_column][vc_column width= &raquo;9\/12&Prime; css= &raquo;.vc_custom_1501260268851{padding-top: 10px !important;padding-right: 20px !important;padding-bottom: 10px !important;padding-left: 20px !important;} &raquo; el_class= &raquo;mobile-text &raquo;][rev_slider_vc alias= &raquo;domotique &raquo;][vc_column_text]Avec la domotique, nous utilisons les derni\u00e8res technologies offertes sur le march\u00e9 afin de [&hellip;]","og_url":"https:\/\/desmaraisprotection.com\/index.php\/services-et-produits\/domotique\/","og_site_name":"Desmarais Protection \u00c9lectronique","article_modified_time":"2023-05-24T17:29:34+00:00","twitter_card":"summary_large_image","twitter_misc":{"Estimation du temps de lecture":"5 minutes"},"schema":{"@context":"https:\/\/schema.org","@graph":[{"@type":"WebSite","@id":"https:\/\/desmaraisprotection.com\/#website","url":"https:\/\/desmaraisprotection.com\/","name":"Desmarais Protection \u00c9lectronique","description":"","potentialAction":[{"@type":"SearchAction","target":{"@type":"EntryPoint","urlTemplate":"https:\/\/desmaraisprotection.com\/?s={search_term_string}"},"query-input":"required name=search_term_string"}],"inLanguage":"fr-CA"},{"@type":"WebPage","@id":"https:\/\/desmaraisprotection.com\/index.php\/services-et-produits\/domotique\/#webpage","url":"https:\/\/desmaraisprotection.com\/index.php\/services-et-produits\/domotique\/","name":"Domotique - Desmarais Protection \u00c9lectronique","isPartOf":{"@id":"https:\/\/desmaraisprotection.com\/#website"},"datePublished":"2017-07-25T17:35:55+00:00","dateModified":"2023-05-24T17:29:34+00:00","breadcrumb":{"@id":"https:\/\/desmaraisprotection.com\/index.php\/services-et-produits\/domotique\/#breadcrumb"},"inLanguage":"fr-CA","potentialAction":[{"@type":"ReadAction","target":["https:\/\/desmaraisprotection.com\/index.php\/services-et-produits\/domotique\/"]}]},{"@type":"BreadcrumbList","@id":"https:\/\/desmaraisprotection.com\/index.php\/services-et-produits\/domotique\/#breadcrumb","itemListElement":[{"@type":"ListItem","position":1,"name":"Accueil","item":"https:\/\/www.desmaraisprotection.com\/"},{"@type":"ListItem","position":2,"name":"Services et Produits","item":"https:\/\/desmaraisprotection.com\/index.php\/services-et-produits\/"},{"@type":"ListItem","position":3,"name":"Domotique"}]}]}},"_links":{"self":[{"href":"https:\/\/desmaraisprotection.com\/index.php\/wp-json\/wp\/v2\/pages\/2811"}],"collection":[{"href":"https:\/\/desmaraisprotection.com\/index.php\/wp-json\/wp\/v2\/pages"}],"about":[{"href":"https:\/\/desmaraisprotection.com\/index.php\/wp-json\/wp\/v2\/types\/page"}],"author":[{"embeddable":true,"href":"https:\/\/desmaraisprotection.com\/index.php\/wp-json\/wp\/v2\/users\/1"}],"replies":[{"embeddable":true,"href":"https:\/\/desmaraisprotection.com\/index.php\/wp-json\/wp\/v2\/comments?post=2811"}],"version-history":[{"count":33,"href":"https:\/\/desmaraisprotection.com\/index.php\/wp-json\/wp\/v2\/pages\/2811\/revisions"}],"predecessor-version":[{"id":3710,"href":"https:\/\/desmaraisprotection.com\/index.php\/wp-json\/wp\/v2\/pages\/2811\/revisions\/3710"}],"up":[{"embeddable":true,"href":"https:\/\/desmaraisprotection.com\/index.php\/wp-json\/wp\/v2\/pages\/5"}],"wp:attachment":[{"href":"https:\/\/desmaraisprotection.com\/index.php\/wp-json\/wp\/v2\/media?parent=2811"}],"curies":[{"name":"wp","href":"https:\/\/api.w.org\/{rel}","templated":true}]}}