{"id":18,"date":"2017-07-24T12:14:50","date_gmt":"2017-07-24T16:14:50","guid":{"rendered":"http:\/\/www.desmaraisprotection.com\/?page_id=18"},"modified":"2023-05-24T12:40:55","modified_gmt":"2023-05-24T16:40:55","slug":"a-propos","status":"publish","type":"page","link":"https:\/\/desmaraisprotection.com\/index.php\/a-propos\/","title":{"rendered":"\u00c0 propos"},"content":{"rendered":"<p>[vc_row content_placement= &raquo;middle &raquo;][vc_column width= &raquo;3\/3&Prime; css= &raquo;.vc_custom_1501170585695{padding-right: 20px !important;padding-left: 20px !important;} &raquo;][doors_empty_spaces height_mobile= &raquo;20&Prime; height_tablet= &raquo;30&Prime; height_desktop= &raquo;40&Prime;][doors_headings headings_title= &raquo;QUI SOMMES-NOUS? &raquo; headings_subtitle= &raquo; &raquo; doors_heading_font_weight= &raquo;400&Prime; doors_sub_heading_font_weight= &raquo;400&Prime;][vc_column_text]<\/p>\n<p style=\"text-align: center;\">Chez D. \u00c9lectronique Protection Inc., notre priorit\u00e9 est de fournir \u00e0 notre client\u00e8le un service de haute qualit\u00e9.<\/p>\n<p style=\"text-align: center;\">Des conseillers sauront identifier vos besoins v\u00e9ritables et vous recommander une installation ad\u00e9quate.<\/p>\n<p style=\"text-align: center;\">Depuis 1978, D. \u00c9lectronique Protection Inc. d\u00e9veloppe des solutions \u00e9prouv\u00e9es\u00a0vous permettant de r\u00e9duire consid\u00e9rablement vos pertes financi\u00e8res\u00a0et d\u2019accro\u00eetre la s\u00e9curit\u00e9 de votre entreprise.<\/p>\n<p style=\"text-align: center;\">Des entreprises renomm\u00e9es font d\u00e9j\u00e0 confiance \u00e0 D. \u00c9lectronique Protection Inc. Qu\u2019importe le type et la taille de votre point de ventes, vous pouvez compter sur l\u2019exp\u00e9rience, le savoir-faire de l\u2019\u00e9quipe de D. \u00c9lectronique Protection Inc.<\/p>\n<p>[\/vc_column_text][\/vc_column][\/vc_row][vc_row][vc_column css= &raquo;.vc_custom_1501264446255{padding-right: 20px !important;padding-left: 20px !important;} &raquo; el_class= &raquo;equipe &raquo;][doors_headings headings_title= &raquo;NOTRE \u00c9QUIPE &raquo; headings_subtitle= &raquo; &raquo; doors_heading_font_weight= &raquo;400&Prime; doors_sub_heading_font_weight= &raquo;400&Prime;][doors_empty_spaces height_mobile= &raquo;20&Prime; height_tablet= &raquo;25&Prime; height_desktop= &raquo;25&Prime;][doors_team columns= &raquo;5&Prime; team_collapse= &raquo; &raquo; itemperpage= &raquo;5&Prime;][\/vc_column][\/vc_row][vc_row][vc_column][doors_empty_spaces height_mobile= &raquo;20&Prime; height_tablet= &raquo;25&Prime; height_desktop= &raquo;25&Prime;][doors_headings headings_title= &raquo;NOS VALEURS &raquo; headings_subtitle= &raquo; &raquo; doors_heading_font_weight= &raquo;400&Prime; doors_sub_heading_font_weight= &raquo;400&Prime;][vc_tta_accordion style= &raquo;modern &raquo; c_position= &raquo;right &raquo; active_section= &raquo;1&Prime; no_fill= &raquo;true &raquo; css= &raquo;.vc_custom_1501170510015{padding-right: 20px !important;padding-left: 20px !important;} &raquo;][vc_tta_section title= &raquo;CLIENTS &raquo; tab_id= &raquo;1500935918347-5c5017f9-2303&Prime;][vc_column_text]Les clients sont notre priorit\u00e9.[\/vc_column_text][\/vc_tta_section][vc_tta_section title= &raquo;CONFIANCE &raquo; tab_id= &raquo;1500935918397-05e8fa85-dd3e &raquo;][vc_column_text]Nous gagnons leur confiance jour apr\u00e8s jour, sans jamais la tenir pour acquis.[\/vc_column_text][\/vc_tta_section][vc_tta_section title= &raquo;COLLABORATION &raquo; tab_id= &raquo;1500935950902-582ff422-d552&Prime;][vc_column_text]Ensemble, nous faisons de grandes et belles choses.[\/vc_column_text][\/vc_tta_section][vc_tta_section title= &raquo;SERVICE &raquo; tab_id= &raquo;1500935968085-c44a13b9-b250&Prime;][vc_column_text]Chaque exp\u00e9rience est accompagn\u00e9e d&rsquo;un service hors pair.[\/vc_column_text][\/vc_tta_section][vc_tta_section title= &raquo;INNOVATION &raquo; tab_id= &raquo;1500935982070-140a7663-107a &raquo;][vc_column_text]Nous nous engageons \u00e0 demeurer les leaders de l&rsquo;industrie.[\/vc_column_text][\/vc_tta_section][\/vc_tta_accordion][\/vc_column][\/vc_row][vc_row font_color= &raquo;#0a0a0a &raquo; css= &raquo;.vc_custom_1500918562882{background-color: #ffffff !important;} &raquo;][vc_column width= &raquo;5\/12&Prime; css= &raquo;.vc_custom_1501170520446{padding-right: 10px !important;padding-left: 20px !important;} &raquo;][vc_column_text]Le central assure une surveillance continue,\u00a0<strong>24 heures par jour, 365 jours par ann\u00e9e<\/strong>, depuis les centres de t\u00e9l\u00e9surveillance homologu\u00e9s ULC par <strong>Les Laboratoires des assureurs du Canada<\/strong>.<\/p>\n<p>&nbsp;<\/p>\n<h4><strong>NOTRE MISSION<br \/>\n<\/strong><\/h4>\n<p>Prot\u00e9ger en tout temps les personnes, les entreprises et leurs biens, en procurant des services\u00a0personnalis\u00e9s appuy\u00e9s par des employ\u00e9s et des partenaires.[\/vc_column_text][\/vc_column][vc_column width= &raquo;1\/12&Prime;][\/vc_column][vc_column width= &raquo;6\/12&Prime;][vc_tta_accordion style= &raquo;modern &raquo; c_position= &raquo;right &raquo; active_section= &raquo;1&Prime; no_fill= &raquo;true &raquo; css= &raquo;.vc_custom_1501170532168{padding-right: 20px !important;padding-left: 10px !important;} &raquo;][vc_tta_section title= &raquo;Un engagement envers la qualit\u00e9 &raquo; tab_id= &raquo;1500915890362-bcc3e505-5fb4&Prime;][vc_column_text css= &raquo;.vc_custom_1503667883940{background-color: #ffffff !important;background-position: 0 0 !important;background-repeat: no-repeat !important;} &raquo;]Qu\u2019il s\u2019agisse de notre entreprise, du central de t\u00e9l\u00e9surveillance \u00e0 la fine pointe de la technologie, de notre gamme de produits et services, de la formation de nos employ\u00e9s ou de la fiabilit\u00e9 de nos partenaires, nous n\u2019avons qu\u2019un seul objectif en t\u00eate: la qualit\u00e9.<\/p>\n<p>C\u2019est sans aucun doute la raison pour laquelle nous affichons le meilleur taux de fid\u00e9lit\u00e9 de la client\u00e8le, de la r\u00e9gion<strong>.<\/strong>[\/vc_column_text][\/vc_tta_section][vc_tta_section title= &raquo;Notre priorit\u00e9 : le client &raquo; tab_id= &raquo;1500915890396-c1db46f9-0216&Prime;][vc_column_text css= &raquo;.vc_custom_1500918436542{background-color: #ffffff !important;background-position: 0 0 !important;background-repeat: no-repeat !important;} &raquo;]En nous effor\u00e7ant d\u2019offrir un service de premi\u00e8re qualit\u00e9, nous pla\u00e7ons le client au sommet de nos priorit\u00e9s. Des analyses de risques \u00e0 l\u2019installation de la solution, nous mettons \u00e0 profit notre vaste expertise pour d\u00e9velopper et offrir des services de s\u00e9curit\u00e9 efficaces et faciles \u00e0 utiliser. Quels que soient vos besoins, qu\u2019il s\u2019agisse d\u2019un syst\u00e8me de s\u00e9curit\u00e9 de base ou d\u2019un syst\u00e8me complexe enti\u00e8rement int\u00e9gr\u00e9 reposant sur les plus r\u00e9centes avanc\u00e9es technologiques, nous avons une solution.[\/vc_column_text][\/vc_tta_section][\/vc_tta_accordion][\/vc_column][\/vc_row]<\/p>\n","protected":false},"excerpt":{"rendered":"<p>[vc_row content_placement= &raquo;middle &raquo;][vc_column width= &raquo;3\/3&Prime; css= &raquo;.vc_custom_1501170585695{padding-right: 20px !important;padding-left: 20px !important;} &raquo;][doors_empty_spaces height_mobile= &raquo;20&Prime; height_tablet= &raquo;30&Prime; height_desktop= &raquo;40&Prime;][doors_headings headings_title= &raquo;QUI SOMMES-NOUS? &raquo; headings_subtitle= &raquo; &raquo; doors_heading_font_weight= &raquo;400&Prime; doors_sub_heading_font_weight= &raquo;400&Prime;][vc_column_text] Chez D. \u00c9lectronique Protection Inc., notre priorit\u00e9 est de fournir \u00e0 notre client\u00e8le un service de haute qualit\u00e9. Des conseillers sauront identifier vos besoins v\u00e9ritables [&hellip;]<\/p>\n","protected":false},"author":1,"featured_media":0,"parent":0,"menu_order":0,"comment_status":"closed","ping_status":"closed","template":"","meta":[],"yoast_head":"<!-- This site is optimized with the Yoast SEO plugin v17.1 - https:\/\/yoast.com\/wordpress\/plugins\/seo\/ -->\n<title>\u00c0 propos - Desmarais Protection \u00c9lectronique<\/title>\n<meta name=\"robots\" content=\"index, follow, max-snippet:-1, max-image-preview:large, max-video-preview:-1\" \/>\n<link rel=\"canonical\" href=\"https:\/\/desmaraisprotection.com\/index.php\/a-propos\/\" \/>\n<meta property=\"og:locale\" content=\"fr_CA\" \/>\n<meta property=\"og:type\" content=\"article\" \/>\n<meta property=\"og:title\" content=\"\u00c0 propos - Desmarais Protection \u00c9lectronique\" \/>\n<meta property=\"og:description\" content=\"[vc_row content_placement= &raquo;middle &raquo;][vc_column width= &raquo;3\/3&Prime; css= &raquo;.vc_custom_1501170585695{padding-right: 20px !important;padding-left: 20px !important;} &raquo;][doors_empty_spaces height_mobile= &raquo;20&Prime; height_tablet= &raquo;30&Prime; height_desktop= &raquo;40&Prime;][doors_headings headings_title= &raquo;QUI SOMMES-NOUS? &raquo; headings_subtitle= &raquo; &raquo; doors_heading_font_weight= &raquo;400&Prime; doors_sub_heading_font_weight= &raquo;400&Prime;][vc_column_text] Chez D. \u00c9lectronique Protection Inc., notre priorit\u00e9 est de fournir \u00e0 notre client\u00e8le un service de haute qualit\u00e9. Des conseillers sauront identifier vos besoins v\u00e9ritables [&hellip;]\" \/>\n<meta property=\"og:url\" content=\"https:\/\/desmaraisprotection.com\/index.php\/a-propos\/\" \/>\n<meta property=\"og:site_name\" content=\"Desmarais Protection \u00c9lectronique\" \/>\n<meta property=\"article:modified_time\" content=\"2023-05-24T16:40:55+00:00\" \/>\n<meta name=\"twitter:card\" content=\"summary_large_image\" \/>\n<meta name=\"twitter:label1\" content=\"Estimation du temps de lecture\" \/>\n\t<meta name=\"twitter:data1\" content=\"2 minutes\" \/>\n<script type=\"application\/ld+json\" class=\"yoast-schema-graph\">{\"@context\":\"https:\/\/schema.org\",\"@graph\":[{\"@type\":\"WebSite\",\"@id\":\"https:\/\/desmaraisprotection.com\/#website\",\"url\":\"https:\/\/desmaraisprotection.com\/\",\"name\":\"Desmarais Protection \\u00c9lectronique\",\"description\":\"\",\"potentialAction\":[{\"@type\":\"SearchAction\",\"target\":{\"@type\":\"EntryPoint\",\"urlTemplate\":\"https:\/\/desmaraisprotection.com\/?s={search_term_string}\"},\"query-input\":\"required name=search_term_string\"}],\"inLanguage\":\"fr-CA\"},{\"@type\":\"WebPage\",\"@id\":\"https:\/\/desmaraisprotection.com\/index.php\/a-propos\/#webpage\",\"url\":\"https:\/\/desmaraisprotection.com\/index.php\/a-propos\/\",\"name\":\"\\u00c0 propos - Desmarais Protection \\u00c9lectronique\",\"isPartOf\":{\"@id\":\"https:\/\/desmaraisprotection.com\/#website\"},\"datePublished\":\"2017-07-24T16:14:50+00:00\",\"dateModified\":\"2023-05-24T16:40:55+00:00\",\"breadcrumb\":{\"@id\":\"https:\/\/desmaraisprotection.com\/index.php\/a-propos\/#breadcrumb\"},\"inLanguage\":\"fr-CA\",\"potentialAction\":[{\"@type\":\"ReadAction\",\"target\":[\"https:\/\/desmaraisprotection.com\/index.php\/a-propos\/\"]}]},{\"@type\":\"BreadcrumbList\",\"@id\":\"https:\/\/desmaraisprotection.com\/index.php\/a-propos\/#breadcrumb\",\"itemListElement\":[{\"@type\":\"ListItem\",\"position\":1,\"name\":\"Accueil\",\"item\":\"https:\/\/www.desmaraisprotection.com\/\"},{\"@type\":\"ListItem\",\"position\":2,\"name\":\"\\u00c0 propos\"}]}]}<\/script>\n<!-- \/ Yoast SEO plugin. -->","yoast_head_json":{"title":"\u00c0 propos - Desmarais Protection \u00c9lectronique","robots":{"index":"index","follow":"follow","max-snippet":"max-snippet:-1","max-image-preview":"max-image-preview:large","max-video-preview":"max-video-preview:-1"},"canonical":"https:\/\/desmaraisprotection.com\/index.php\/a-propos\/","og_locale":"fr_CA","og_type":"article","og_title":"\u00c0 propos - Desmarais Protection \u00c9lectronique","og_description":"[vc_row content_placement= &raquo;middle &raquo;][vc_column width= &raquo;3\/3&Prime; css= &raquo;.vc_custom_1501170585695{padding-right: 20px !important;padding-left: 20px !important;} &raquo;][doors_empty_spaces height_mobile= &raquo;20&Prime; height_tablet= &raquo;30&Prime; height_desktop= &raquo;40&Prime;][doors_headings headings_title= &raquo;QUI SOMMES-NOUS? &raquo; headings_subtitle= &raquo; &raquo; doors_heading_font_weight= &raquo;400&Prime; doors_sub_heading_font_weight= &raquo;400&Prime;][vc_column_text] Chez D. \u00c9lectronique Protection Inc., notre priorit\u00e9 est de fournir \u00e0 notre client\u00e8le un service de haute qualit\u00e9. Des conseillers sauront identifier vos besoins v\u00e9ritables [&hellip;]","og_url":"https:\/\/desmaraisprotection.com\/index.php\/a-propos\/","og_site_name":"Desmarais Protection \u00c9lectronique","article_modified_time":"2023-05-24T16:40:55+00:00","twitter_card":"summary_large_image","twitter_misc":{"Estimation du temps de lecture":"2 minutes"},"schema":{"@context":"https:\/\/schema.org","@graph":[{"@type":"WebSite","@id":"https:\/\/desmaraisprotection.com\/#website","url":"https:\/\/desmaraisprotection.com\/","name":"Desmarais Protection \u00c9lectronique","description":"","potentialAction":[{"@type":"SearchAction","target":{"@type":"EntryPoint","urlTemplate":"https:\/\/desmaraisprotection.com\/?s={search_term_string}"},"query-input":"required name=search_term_string"}],"inLanguage":"fr-CA"},{"@type":"WebPage","@id":"https:\/\/desmaraisprotection.com\/index.php\/a-propos\/#webpage","url":"https:\/\/desmaraisprotection.com\/index.php\/a-propos\/","name":"\u00c0 propos - Desmarais Protection \u00c9lectronique","isPartOf":{"@id":"https:\/\/desmaraisprotection.com\/#website"},"datePublished":"2017-07-24T16:14:50+00:00","dateModified":"2023-05-24T16:40:55+00:00","breadcrumb":{"@id":"https:\/\/desmaraisprotection.com\/index.php\/a-propos\/#breadcrumb"},"inLanguage":"fr-CA","potentialAction":[{"@type":"ReadAction","target":["https:\/\/desmaraisprotection.com\/index.php\/a-propos\/"]}]},{"@type":"BreadcrumbList","@id":"https:\/\/desmaraisprotection.com\/index.php\/a-propos\/#breadcrumb","itemListElement":[{"@type":"ListItem","position":1,"name":"Accueil","item":"https:\/\/www.desmaraisprotection.com\/"},{"@type":"ListItem","position":2,"name":"\u00c0 propos"}]}]}},"_links":{"self":[{"href":"https:\/\/desmaraisprotection.com\/index.php\/wp-json\/wp\/v2\/pages\/18"}],"collection":[{"href":"https:\/\/desmaraisprotection.com\/index.php\/wp-json\/wp\/v2\/pages"}],"about":[{"href":"https:\/\/desmaraisprotection.com\/index.php\/wp-json\/wp\/v2\/types\/page"}],"author":[{"embeddable":true,"href":"https:\/\/desmaraisprotection.com\/index.php\/wp-json\/wp\/v2\/users\/1"}],"replies":[{"embeddable":true,"href":"https:\/\/desmaraisprotection.com\/index.php\/wp-json\/wp\/v2\/comments?post=18"}],"version-history":[{"count":42,"href":"https:\/\/desmaraisprotection.com\/index.php\/wp-json\/wp\/v2\/pages\/18\/revisions"}],"predecessor-version":[{"id":3703,"href":"https:\/\/desmaraisprotection.com\/index.php\/wp-json\/wp\/v2\/pages\/18\/revisions\/3703"}],"wp:attachment":[{"href":"https:\/\/desmaraisprotection.com\/index.php\/wp-json\/wp\/v2\/media?parent=18"}],"curies":[{"name":"wp","href":"https:\/\/api.w.org\/{rel}","templated":true}]}}